{"id":1101,"date":"2025-06-03T13:30:56","date_gmt":"2025-06-03T11:30:56","guid":{"rendered":"https:\/\/stuntskate.de\/?page_id=1101"},"modified":"2026-04-16T14:09:18","modified_gmt":"2026-04-16T12:09:18","slug":"moers","status":"publish","type":"page","link":"https:\/\/stuntskate.de\/en\/moers\/","title":{"rendered":"Skatepark Moers (H\u00fclsdonk)"},"content":{"rendered":"<p><\/p>\n\n\n\n<figure class=\"wp-block-image size-large\"><img loading=\"lazy\" decoding=\"async\" width=\"1024\" height=\"768\" src=\"https:\/\/stuntskate.de\/wp-content\/uploads\/2025\/06\/Website2-1024x768.jpg\" alt=\"\" class=\"wp-image-1111\" srcset=\"https:\/\/stuntskate.de\/wp-content\/uploads\/2025\/06\/Website2-1024x768.jpg 1024w, https:\/\/stuntskate.de\/wp-content\/uploads\/2025\/06\/Website2-300x225.jpg 300w, https:\/\/stuntskate.de\/wp-content\/uploads\/2025\/06\/Website2-768x576.jpg 768w, https:\/\/stuntskate.de\/wp-content\/uploads\/2025\/06\/Website2-16x12.jpg 16w, https:\/\/stuntskate.de\/wp-content\/uploads\/2025\/06\/Website2.jpg 1152w\" sizes=\"auto, (max-width: 1024px) 100vw, 1024px\" \/><\/figure>\n\n\n\n<p><\/p>\n\n\n\n<p>Der neue Skatepark im Moerser Stadtteil H\u00fclsdonk geh\u00f6rt zu den modernsten und gr\u00f6\u00dften Anlagen in ganz NRW. Auf rund<strong> <\/strong>3.000\u202fm\u00b2<strong> <\/strong>bietet er jede Menge Platz f\u00fcr Skater:innen, BMX-Fans, Scooter- und Inlinefahrer:innen \u2013 vom Einsteiger bis zum Profi.<\/p>\n\n\n\n<p>Mit vielf\u00e4ltigen Obstacles, Street- und Park-Elementen sowie der gr\u00f6\u00dften Skatebowl in Nordrhein-Westfalen ist der Skatepark der perfekte Ort f\u00fcr Training, Tricks und Treffpunkt mit der Community.<\/p>\n\n\n\n<p>Ob du deine ersten Runden drehst oder anspruchsvolle Lines f\u00e4hrst \u2013 hier bist du genau richtig.<\/p>\n\n\n\n<p><\/p>\n\n\n\n<div class=\"wp-block-group mein-rahmen has-global-padding is-layout-constrained wp-block-group-is-layout-constrained\">\n<h4 class=\"wp-block-heading\"><strong>Moers ist vielf\u00e4ltig, genauso wie die Moerser Jugendarbeit.<\/strong><\/h4>\n\n\n\n<p><\/p>\n\n\n\n<div class=\"wp-block-columns is-layout-flex wp-container-core-columns-is-layout-28f84493 wp-block-columns-is-layout-flex\">\n<div class=\"wp-block-column is-layout-flow wp-block-column-is-layout-flow\" style=\"flex-basis:33.33%\">\n<figure class=\"wp-block-image aligncenter size-full\"><img loading=\"lazy\" decoding=\"async\" width=\"1920\" height=\"1080\" src=\"https:\/\/stuntskate.de\/wp-content\/uploads\/2024\/11\/moers_web_sponsor.png\" alt=\"\" class=\"wp-image-310\" srcset=\"https:\/\/stuntskate.de\/wp-content\/uploads\/2024\/11\/moers_web_sponsor.png 1920w, https:\/\/stuntskate.de\/wp-content\/uploads\/2024\/11\/moers_web_sponsor-300x169.png 300w, https:\/\/stuntskate.de\/wp-content\/uploads\/2024\/11\/moers_web_sponsor-1024x576.png 1024w, https:\/\/stuntskate.de\/wp-content\/uploads\/2024\/11\/moers_web_sponsor-768x432.png 768w, https:\/\/stuntskate.de\/wp-content\/uploads\/2024\/11\/moers_web_sponsor-1536x864.png 1536w\" sizes=\"auto, (max-width: 1920px) 100vw, 1920px\" \/><\/figure>\n<\/div>\n\n\n\n<div class=\"wp-block-column is-layout-flow wp-block-column-is-layout-flow\" style=\"flex-basis:66.66%\">\n<p>Unsere Kurse werden erm\u00f6glicht durch die freundliche Unterst\u00fctzung der:<\/p>\n\n\n\n<p><strong>Streetbox Moers<\/strong> \u2013 das Sprachrohr der Jugend.<br>Wir vertreten die Interessen junger Menschen in Moers, vernetzen relevante Anlaufstellen und schaffen Zug\u00e4nge zu Hilfs- und Beteiligungsangeboten.<br>Durch direkten Austausch und aktive Vermittlung setzen wir uns daf\u00fcr ein, dass Jugendliche geh\u00f6rt werden und ihre Stadt mitgestalten k\u00f6nnen.<\/p>\n\n\n\n<p>We would like to say a big thank you - also on behalf of all participants!<\/p>\n<\/div>\n<\/div>\n<\/div>\n\n\n\n<div data-wp-context=\"{}\" data-wp-interactive=\"core\/query\" data-wp-key=\"14\" data-wp-router-region=\"query-14\" class=\"wp-block-query is-layout-flow wp-block-query-is-layout-flow\">\n<h2 class=\"wp-block-heading alignwide has-secondary-color has-text-color has-link-color has-large-font-size wp-elements-fd41c0c53179bdf641111ae9ea8cc966\">Termine Workshops 2025<\/h2>\n\n\n\n<ul class=\"wp-block-list\">\n<li>17.05.2026 (ausgebucht!)<\/li>\n\n\n\n<li>21.06.2026<\/li>\n\n\n\n<li>19.07.2026<\/li>\n\n\n\n<li>16.08.2026<\/li>\n\n\n\n<li>20.09.2026<\/li>\n<\/ul>\n\n\n\n<blockquote class=\"wp-block-quote is-layout-flow wp-block-quote-is-layout-flow\">\n<p class=\"has-text-align-center\"><strong><a href=\"https:\/\/stuntskate.de\/en\/kursplan\/\" data-type=\"link\" data-id=\"https:\/\/stuntskate.de\/kursplan\/\">You can find these and other dates in our calendar!<\/a><\/strong><\/p>\n\n\n\n<p><strong>Please note:<\/strong> The lessons will only take place if the weather cooperates - unfortunately we cannot always predict this. If we have to cancel due to the poor weather, we will let you know the day before at the latest and will find an alternative date as soon as possible.<\/p>\n<\/blockquote>\n\n\n\n<p><\/p>\n\n\n\n<p><\/p>\n\n\n\n<h2 class=\"wp-block-heading\">Specifications<\/h2>\n\n\n\n<p><strong>Location<\/strong>&nbsp;Skatepark Moers H\u00fclsdonk<br><strong>Time:<\/strong> 11:00-13:00 Uhr<br><strong>How to get here:<\/strong> Krefelder Stra\u00dfe 95, 47441 Moers<br><strong>Type of class:<\/strong> Gruppenkurs bis 10 Personen<br><strong>Content:<\/strong>&nbsp;Der Kurs richtet sich an Anf\u00e4nger*innen und Fortgeschrittene.<br><strong>Requirement:<\/strong>&nbsp;Safe and independent forward skating<br><strong>Price:<\/strong>&nbsp;Die Teilnahme ist kostenlos. Die Kosten \u00fcbernimmt die Streetbox Moers.<br><strong>Registration:<\/strong>&nbsp;&nbsp;<a href=\"mailto:info@stuntskate.de\">info@stuntskate.de<\/a>&nbsp;or through our&nbsp;<a href=\"https:\/\/stuntskate.de\/en\/kontakt\/\">Contact form<\/a><\/p>\n\n\n\n<p>Book your lesson now and experience an unforgettable day on skates!<\/p>\n\n\n\n<p><\/p>\n\n\n\n<h2 class=\"wp-block-heading alignwide\" id=\"we-re-a-studio-in-berlin-with-an-international-practice-in-architecture-urban-planning-and-interior-design-we-believe-in-sharing-knowledge-and-promoting-dialogue-to-increase-the-creative-potential-of-collaboration\" style=\"font-size:clamp(27.894px, 1.743rem + ((1vw - 3.2px) * 2.285), 48px);line-height:1.1\"><strong>Don't have your own stunt skates?<\/strong><\/h2>\n\n\n\n<p><strong>No problem!<\/strong><br>On request, we can provide special stunt inline skates that are perfectly adapted to the skate park free of charge.<\/p>\n\n\n\n<p>\ud83d\udc49 Wenn du Leihskates nutzen m\u00f6chtest, teile uns bitte&nbsp;bei der Anmeldung deine Schuhgr\u00f6\u00dfe&nbsp;mit.<\/p>\n\n\n\n<p><\/p>\n\n\n\n<h1 class=\"wp-block-heading\">Media<\/h1>\n<\/div>\n\n\n\n<figure class=\"wp-block-embed is-type-video is-provider-youtube wp-block-embed-youtube wp-embed-aspect-16-9 wp-has-aspect-ratio\"><div class=\"wp-block-embed__wrapper\">\n<iframe loading=\"lazy\" title=\"Learn Inline Skating in Moers, Germany | stuntskate.de | Learn Aggressive Inline Skating\" width=\"500\" height=\"281\" src=\"https:\/\/www.youtube.com\/embed\/9Hb0prnLlkk?feature=oembed\" frameborder=\"0\" allow=\"accelerometer; autoplay; clipboard-write; encrypted-media; gyroscope; picture-in-picture; web-share\" referrerpolicy=\"strict-origin-when-cross-origin\" allowfullscreen><\/iframe>\n<\/div><\/figure>\n\n\n\n<figure class=\"wp-block-gallery has-nested-images columns-default is-cropped wp-block-gallery-1 is-layout-flex wp-block-gallery-is-layout-flex\">\n<figure class=\"wp-block-image size-large\"><img loading=\"lazy\" decoding=\"async\" width=\"1024\" height=\"768\" data-id=\"1123\" src=\"https:\/\/stuntskate.de\/wp-content\/uploads\/2025\/06\/IMG_2465-1024x768.jpg\" alt=\"\" class=\"wp-image-1123\" srcset=\"https:\/\/stuntskate.de\/wp-content\/uploads\/2025\/06\/IMG_2465-1024x768.jpg 1024w, https:\/\/stuntskate.de\/wp-content\/uploads\/2025\/06\/IMG_2465-300x225.jpg 300w, https:\/\/stuntskate.de\/wp-content\/uploads\/2025\/06\/IMG_2465-768x576.jpg 768w, https:\/\/stuntskate.de\/wp-content\/uploads\/2025\/06\/IMG_2465-1536x1152.jpg 1536w, https:\/\/stuntskate.de\/wp-content\/uploads\/2025\/06\/IMG_2465-2048x1536.jpg 2048w, https:\/\/stuntskate.de\/wp-content\/uploads\/2025\/06\/IMG_2465-16x12.jpg 16w\" sizes=\"auto, (max-width: 1024px) 100vw, 1024px\" \/><\/figure>\n\n\n\n<figure class=\"wp-block-image size-large\"><img loading=\"lazy\" decoding=\"async\" width=\"1024\" height=\"768\" data-id=\"1124\" src=\"https:\/\/stuntskate.de\/wp-content\/uploads\/2025\/06\/IMG_2294-1024x768.jpg\" alt=\"\" class=\"wp-image-1124\" srcset=\"https:\/\/stuntskate.de\/wp-content\/uploads\/2025\/06\/IMG_2294-1024x768.jpg 1024w, https:\/\/stuntskate.de\/wp-content\/uploads\/2025\/06\/IMG_2294-300x225.jpg 300w, https:\/\/stuntskate.de\/wp-content\/uploads\/2025\/06\/IMG_2294-768x576.jpg 768w, https:\/\/stuntskate.de\/wp-content\/uploads\/2025\/06\/IMG_2294-1536x1152.jpg 1536w, https:\/\/stuntskate.de\/wp-content\/uploads\/2025\/06\/IMG_2294-2048x1536.jpg 2048w, https:\/\/stuntskate.de\/wp-content\/uploads\/2025\/06\/IMG_2294-16x12.jpg 16w\" sizes=\"auto, (max-width: 1024px) 100vw, 1024px\" \/><\/figure>\n\n\n\n<figure class=\"wp-block-image size-large\"><img loading=\"lazy\" decoding=\"async\" width=\"1024\" height=\"576\" data-id=\"1126\" src=\"https:\/\/stuntskate.de\/wp-content\/uploads\/2025\/06\/dji_fly_20250603_171142_811_1748968422561_photo_optimized-1024x576.jpg\" alt=\"\" class=\"wp-image-1126\" srcset=\"https:\/\/stuntskate.de\/wp-content\/uploads\/2025\/06\/dji_fly_20250603_171142_811_1748968422561_photo_optimized-1024x576.jpg 1024w, https:\/\/stuntskate.de\/wp-content\/uploads\/2025\/06\/dji_fly_20250603_171142_811_1748968422561_photo_optimized-300x169.jpg 300w, https:\/\/stuntskate.de\/wp-content\/uploads\/2025\/06\/dji_fly_20250603_171142_811_1748968422561_photo_optimized-768x432.jpg 768w, https:\/\/stuntskate.de\/wp-content\/uploads\/2025\/06\/dji_fly_20250603_171142_811_1748968422561_photo_optimized-1536x864.jpg 1536w, https:\/\/stuntskate.de\/wp-content\/uploads\/2025\/06\/dji_fly_20250603_171142_811_1748968422561_photo_optimized-2048x1152.jpg 2048w, https:\/\/stuntskate.de\/wp-content\/uploads\/2025\/06\/dji_fly_20250603_171142_811_1748968422561_photo_optimized-18x10.jpg 18w\" sizes=\"auto, (max-width: 1024px) 100vw, 1024px\" \/><\/figure>\n\n\n\n<figure class=\"wp-block-image size-large\"><img loading=\"lazy\" decoding=\"async\" width=\"1024\" height=\"576\" data-id=\"1125\" src=\"https:\/\/stuntskate.de\/wp-content\/uploads\/2025\/06\/dji_fly_20250603_165848_804_1748968422578_photo_optimized-1024x576.jpg\" alt=\"\" class=\"wp-image-1125\" srcset=\"https:\/\/stuntskate.de\/wp-content\/uploads\/2025\/06\/dji_fly_20250603_165848_804_1748968422578_photo_optimized-1024x576.jpg 1024w, https:\/\/stuntskate.de\/wp-content\/uploads\/2025\/06\/dji_fly_20250603_165848_804_1748968422578_photo_optimized-300x169.jpg 300w, https:\/\/stuntskate.de\/wp-content\/uploads\/2025\/06\/dji_fly_20250603_165848_804_1748968422578_photo_optimized-768x432.jpg 768w, https:\/\/stuntskate.de\/wp-content\/uploads\/2025\/06\/dji_fly_20250603_165848_804_1748968422578_photo_optimized-1536x864.jpg 1536w, https:\/\/stuntskate.de\/wp-content\/uploads\/2025\/06\/dji_fly_20250603_165848_804_1748968422578_photo_optimized-2048x1152.jpg 2048w, https:\/\/stuntskate.de\/wp-content\/uploads\/2025\/06\/dji_fly_20250603_165848_804_1748968422578_photo_optimized-18x10.jpg 18w\" sizes=\"auto, (max-width: 1024px) 100vw, 1024px\" \/><\/figure>\n\n\n\n<figure class=\"wp-block-image size-large\"><img loading=\"lazy\" decoding=\"async\" width=\"1024\" height=\"576\" data-id=\"1127\" src=\"https:\/\/stuntskate.de\/wp-content\/uploads\/2025\/06\/dji_fly_20250603_164742_790_1748968422607_photo_optimized-1024x576.jpg\" alt=\"\" class=\"wp-image-1127\" srcset=\"https:\/\/stuntskate.de\/wp-content\/uploads\/2025\/06\/dji_fly_20250603_164742_790_1748968422607_photo_optimized-1024x576.jpg 1024w, https:\/\/stuntskate.de\/wp-content\/uploads\/2025\/06\/dji_fly_20250603_164742_790_1748968422607_photo_optimized-300x169.jpg 300w, https:\/\/stuntskate.de\/wp-content\/uploads\/2025\/06\/dji_fly_20250603_164742_790_1748968422607_photo_optimized-768x432.jpg 768w, https:\/\/stuntskate.de\/wp-content\/uploads\/2025\/06\/dji_fly_20250603_164742_790_1748968422607_photo_optimized-1536x864.jpg 1536w, https:\/\/stuntskate.de\/wp-content\/uploads\/2025\/06\/dji_fly_20250603_164742_790_1748968422607_photo_optimized-2048x1152.jpg 2048w, https:\/\/stuntskate.de\/wp-content\/uploads\/2025\/06\/dji_fly_20250603_164742_790_1748968422607_photo_optimized-18x10.jpg 18w\" sizes=\"auto, (max-width: 1024px) 100vw, 1024px\" \/><\/figure>\n<\/figure>","protected":false},"excerpt":{"rendered":"<p>Der neue Skatepark im Moerser Stadtteil H\u00fclsdonk geh\u00f6rt zu den modernsten und gr\u00f6\u00dften Anlagen in ganz NRW. Auf rund 3.000\u202fm\u00b2 bietet er jede Menge Platz f\u00fcr Skater:innen, BMX-Fans, Scooter- und [&hellip;]<\/p>\n","protected":false},"author":1,"featured_media":0,"parent":0,"menu_order":0,"comment_status":"closed","ping_status":"closed","template":"","meta":{"_price":"","_stock":"","_tribe_ticket_header":"","_tribe_default_ticket_provider":"","_tribe_ticket_capacity":"0","_ticket_start_date":"","_ticket_end_date":"","_tribe_ticket_show_description":"","_tribe_ticket_show_not_going":false,"_tribe_ticket_use_global_stock":"","_tribe_ticket_global_stock_level":"","_global_stock_mode":"","_global_stock_cap":"","_tribe_rsvp_for_event":"","_tribe_ticket_going_count":"","_tribe_ticket_not_going_count":"","_tribe_tickets_list":"[]","_tribe_ticket_has_attendee_info_fields":false,"_EventAllDay":false,"_EventTimezone":"","_EventStartDate":"","_EventEndDate":"","_EventStartDateUTC":"","_EventEndDateUTC":"","_EventShowMap":false,"_EventShowMapLink":false,"_EventURL":"","_EventCost":"","_EventCostDescription":"","_EventCurrencySymbol":"","_EventCurrencyCode":"","_EventCurrencyPosition":"","_EventDateTimeSeparator":"","_EventTimeRangeSeparator":"","_EventOrganizerID":[],"_EventVenueID":[],"_OrganizerEmail":"","_OrganizerPhone":"","_OrganizerWebsite":"","_VenueAddress":"","_VenueCity":"","_VenueCountry":"","_VenueProvince":"","_VenueState":"","_VenueZip":"","_VenuePhone":"","_VenueURL":"","_VenueStateProvince":"","_VenueLat":"","_VenueLng":"","_VenueShowMap":false,"_VenueShowMapLink":false,"footnotes":"","_tec_slr_enabled":"","_tec_slr_layout":""},"class_list":["post-1101","page","type-page","status-publish","hentry"],"yoast_head":"<!-- This site is optimized with the Yoast SEO plugin v27.4 - https:\/\/yoast.com\/product\/yoast-seo-wordpress\/ -->\n<title>Skatepark Moers (H\u00fclsdonk) - stuntskate.de<\/title>\n<meta name=\"description\" content=\"Buche jetzt deinen Stuntskate-Kurs im Skatepark Halden Heights in H\u00fcckelhoven! Perfekt f\u00fcr Anf\u00e4nger und Fortgeschrittene \u2013 mit erfahrenen Coaches, Leihausr\u00fcstung &amp; viel Spa\u00df. Jetzt informieren!\" \/>\n<meta name=\"robots\" content=\"index, follow, max-snippet:-1, max-image-preview:large, max-video-preview:-1\" \/>\n<link rel=\"canonical\" href=\"https:\/\/stuntskate.de\/en\/moers\/\" \/>\n<meta property=\"og:locale\" content=\"en_US\" \/>\n<meta property=\"og:type\" content=\"article\" \/>\n<meta property=\"og:title\" content=\"Skatepark Moers (H\u00fclsdonk) - stuntskate.de\" \/>\n<meta property=\"og:description\" content=\"Buche jetzt deinen Stuntskate-Kurs im Skatepark Halden Heights in H\u00fcckelhoven! Perfekt f\u00fcr Anf\u00e4nger und Fortgeschrittene \u2013 mit erfahrenen Coaches, Leihausr\u00fcstung &amp; viel Spa\u00df. Jetzt informieren!\" \/>\n<meta property=\"og:url\" content=\"https:\/\/stuntskate.de\/en\/moers\/\" \/>\n<meta property=\"og:site_name\" content=\"stuntskate.de\" \/>\n<meta property=\"article:modified_time\" content=\"2026-04-16T12:09:18+00:00\" \/>\n<meta property=\"og:image\" content=\"https:\/\/stuntskate.de\/wp-content\/uploads\/2025\/06\/Website2.jpg\" \/>\n\t<meta property=\"og:image:width\" content=\"1152\" \/>\n\t<meta property=\"og:image:height\" content=\"864\" \/>\n\t<meta property=\"og:image:type\" content=\"image\/jpeg\" \/>\n<meta name=\"twitter:card\" content=\"summary_large_image\" \/>\n<meta name=\"twitter:label1\" content=\"Est. reading time\" \/>\n\t<meta name=\"twitter:data1\" content=\"3 minutes\" \/>\n<script type=\"application\/ld+json\" class=\"yoast-schema-graph\">{\"@context\":\"https:\\\/\\\/schema.org\",\"@graph\":[{\"@type\":\"WebPage\",\"@id\":\"https:\\\/\\\/stuntskate.de\\\/moers\\\/\",\"url\":\"https:\\\/\\\/stuntskate.de\\\/moers\\\/\",\"name\":\"Skatepark Moers (H\u00fclsdonk) - stuntskate.de\",\"isPartOf\":{\"@id\":\"https:\\\/\\\/stuntskate.de\\\/#website\"},\"primaryImageOfPage\":{\"@id\":\"https:\\\/\\\/stuntskate.de\\\/moers\\\/#primaryimage\"},\"image\":{\"@id\":\"https:\\\/\\\/stuntskate.de\\\/moers\\\/#primaryimage\"},\"thumbnailUrl\":\"https:\\\/\\\/stuntskate.de\\\/wp-content\\\/uploads\\\/2025\\\/06\\\/Website2-1024x768.jpg\",\"datePublished\":\"2025-06-03T11:30:56+00:00\",\"dateModified\":\"2026-04-16T12:09:18+00:00\",\"description\":\"Buche jetzt deinen Stuntskate-Kurs im Skatepark Halden Heights in H\u00fcckelhoven! Perfekt f\u00fcr Anf\u00e4nger und Fortgeschrittene \u2013 mit erfahrenen Coaches, Leihausr\u00fcstung & viel Spa\u00df. Jetzt informieren!\",\"breadcrumb\":{\"@id\":\"https:\\\/\\\/stuntskate.de\\\/moers\\\/#breadcrumb\"},\"inLanguage\":\"en-US\",\"potentialAction\":[{\"@type\":\"ReadAction\",\"target\":[\"https:\\\/\\\/stuntskate.de\\\/moers\\\/\"]}]},{\"@type\":\"ImageObject\",\"inLanguage\":\"en-US\",\"@id\":\"https:\\\/\\\/stuntskate.de\\\/moers\\\/#primaryimage\",\"url\":\"https:\\\/\\\/stuntskate.de\\\/wp-content\\\/uploads\\\/2025\\\/06\\\/Website2-1024x768.jpg\",\"contentUrl\":\"https:\\\/\\\/stuntskate.de\\\/wp-content\\\/uploads\\\/2025\\\/06\\\/Website2-1024x768.jpg\"},{\"@type\":\"BreadcrumbList\",\"@id\":\"https:\\\/\\\/stuntskate.de\\\/moers\\\/#breadcrumb\",\"itemListElement\":[{\"@type\":\"ListItem\",\"position\":1,\"name\":\"Startseite\",\"item\":\"https:\\\/\\\/stuntskate.de\\\/\"},{\"@type\":\"ListItem\",\"position\":2,\"name\":\"Skatepark Moers (H\u00fclsdonk)\"}]},{\"@type\":\"WebSite\",\"@id\":\"https:\\\/\\\/stuntskate.de\\\/#website\",\"url\":\"https:\\\/\\\/stuntskate.de\\\/\",\"name\":\"stuntskate.de\",\"description\":\"Stunt Inline-Skate Kurse\",\"publisher\":{\"@id\":\"https:\\\/\\\/stuntskate.de\\\/#organization\"},\"potentialAction\":[{\"@type\":\"SearchAction\",\"target\":{\"@type\":\"EntryPoint\",\"urlTemplate\":\"https:\\\/\\\/stuntskate.de\\\/?s={search_term_string}\"},\"query-input\":{\"@type\":\"PropertyValueSpecification\",\"valueRequired\":true,\"valueName\":\"search_term_string\"}}],\"inLanguage\":\"en-US\"},{\"@type\":\"Organization\",\"@id\":\"https:\\\/\\\/stuntskate.de\\\/#organization\",\"name\":\"stuntskate.de\",\"url\":\"https:\\\/\\\/stuntskate.de\\\/\",\"logo\":{\"@type\":\"ImageObject\",\"inLanguage\":\"en-US\",\"@id\":\"https:\\\/\\\/stuntskate.de\\\/#\\\/schema\\\/logo\\\/image\\\/\",\"url\":\"https:\\\/\\\/stuntskate.de\\\/wp-content\\\/uploads\\\/2024\\\/11\\\/cropped-cropped-Logo10801080-removebg-preview.png\",\"contentUrl\":\"https:\\\/\\\/stuntskate.de\\\/wp-content\\\/uploads\\\/2024\\\/11\\\/cropped-cropped-Logo10801080-removebg-preview.png\",\"width\":512,\"height\":512,\"caption\":\"stuntskate.de\"},\"image\":{\"@id\":\"https:\\\/\\\/stuntskate.de\\\/#\\\/schema\\\/logo\\\/image\\\/\"},\"sameAs\":[\"https:\\\/\\\/instagram.com\\\/stuntskate.de\\\/\"]}]}<\/script>\n<!-- \/ Yoast SEO plugin. -->","yoast_head_json":{"title":"Skatepark Moers (H\u00fclsdonk) - stuntskate.de","description":"Buche jetzt deinen Stuntskate-Kurs im Skatepark Halden Heights in H\u00fcckelhoven! Perfekt f\u00fcr Anf\u00e4nger und Fortgeschrittene \u2013 mit erfahrenen Coaches, Leihausr\u00fcstung & viel Spa\u00df. Jetzt informieren!","robots":{"index":"index","follow":"follow","max-snippet":"max-snippet:-1","max-image-preview":"max-image-preview:large","max-video-preview":"max-video-preview:-1"},"canonical":"https:\/\/stuntskate.de\/en\/moers\/","og_locale":"en_US","og_type":"article","og_title":"Skatepark Moers (H\u00fclsdonk) - stuntskate.de","og_description":"Buche jetzt deinen Stuntskate-Kurs im Skatepark Halden Heights in H\u00fcckelhoven! Perfekt f\u00fcr Anf\u00e4nger und Fortgeschrittene \u2013 mit erfahrenen Coaches, Leihausr\u00fcstung & viel Spa\u00df. Jetzt informieren!","og_url":"https:\/\/stuntskate.de\/en\/moers\/","og_site_name":"stuntskate.de","article_modified_time":"2026-04-16T12:09:18+00:00","og_image":[{"width":1152,"height":864,"url":"https:\/\/stuntskate.de\/wp-content\/uploads\/2025\/06\/Website2.jpg","type":"image\/jpeg"}],"twitter_card":"summary_large_image","twitter_misc":{"Est. reading time":"3 minutes"},"schema":{"@context":"https:\/\/schema.org","@graph":[{"@type":"WebPage","@id":"https:\/\/stuntskate.de\/moers\/","url":"https:\/\/stuntskate.de\/moers\/","name":"Skatepark Moers (H\u00fclsdonk) - stuntskate.de","isPartOf":{"@id":"https:\/\/stuntskate.de\/#website"},"primaryImageOfPage":{"@id":"https:\/\/stuntskate.de\/moers\/#primaryimage"},"image":{"@id":"https:\/\/stuntskate.de\/moers\/#primaryimage"},"thumbnailUrl":"https:\/\/stuntskate.de\/wp-content\/uploads\/2025\/06\/Website2-1024x768.jpg","datePublished":"2025-06-03T11:30:56+00:00","dateModified":"2026-04-16T12:09:18+00:00","description":"Buche jetzt deinen Stuntskate-Kurs im Skatepark Halden Heights in H\u00fcckelhoven! Perfekt f\u00fcr Anf\u00e4nger und Fortgeschrittene \u2013 mit erfahrenen Coaches, Leihausr\u00fcstung & viel Spa\u00df. Jetzt informieren!","breadcrumb":{"@id":"https:\/\/stuntskate.de\/moers\/#breadcrumb"},"inLanguage":"en-US","potentialAction":[{"@type":"ReadAction","target":["https:\/\/stuntskate.de\/moers\/"]}]},{"@type":"ImageObject","inLanguage":"en-US","@id":"https:\/\/stuntskate.de\/moers\/#primaryimage","url":"https:\/\/stuntskate.de\/wp-content\/uploads\/2025\/06\/Website2-1024x768.jpg","contentUrl":"https:\/\/stuntskate.de\/wp-content\/uploads\/2025\/06\/Website2-1024x768.jpg"},{"@type":"BreadcrumbList","@id":"https:\/\/stuntskate.de\/moers\/#breadcrumb","itemListElement":[{"@type":"ListItem","position":1,"name":"Startseite","item":"https:\/\/stuntskate.de\/"},{"@type":"ListItem","position":2,"name":"Skatepark Moers (H\u00fclsdonk)"}]},{"@type":"WebSite","@id":"https:\/\/stuntskate.de\/#website","url":"https:\/\/stuntskate.de\/","name":"stuntskate.de","description":"Stunt Inline-Skate Kurse","publisher":{"@id":"https:\/\/stuntskate.de\/#organization"},"potentialAction":[{"@type":"SearchAction","target":{"@type":"EntryPoint","urlTemplate":"https:\/\/stuntskate.de\/?s={search_term_string}"},"query-input":{"@type":"PropertyValueSpecification","valueRequired":true,"valueName":"search_term_string"}}],"inLanguage":"en-US"},{"@type":"Organization","@id":"https:\/\/stuntskate.de\/#organization","name":"stuntskate.de","url":"https:\/\/stuntskate.de\/","logo":{"@type":"ImageObject","inLanguage":"en-US","@id":"https:\/\/stuntskate.de\/#\/schema\/logo\/image\/","url":"https:\/\/stuntskate.de\/wp-content\/uploads\/2024\/11\/cropped-cropped-Logo10801080-removebg-preview.png","contentUrl":"https:\/\/stuntskate.de\/wp-content\/uploads\/2024\/11\/cropped-cropped-Logo10801080-removebg-preview.png","width":512,"height":512,"caption":"stuntskate.de"},"image":{"@id":"https:\/\/stuntskate.de\/#\/schema\/logo\/image\/"},"sameAs":["https:\/\/instagram.com\/stuntskate.de\/"]}]}},"ticketed":false,"_links":{"self":[{"href":"https:\/\/stuntskate.de\/en\/wp-json\/wp\/v2\/pages\/1101","targetHints":{"allow":["GET"]}}],"collection":[{"href":"https:\/\/stuntskate.de\/en\/wp-json\/wp\/v2\/pages"}],"about":[{"href":"https:\/\/stuntskate.de\/en\/wp-json\/wp\/v2\/types\/page"}],"author":[{"embeddable":true,"href":"https:\/\/stuntskate.de\/en\/wp-json\/wp\/v2\/users\/1"}],"replies":[{"embeddable":true,"href":"https:\/\/stuntskate.de\/en\/wp-json\/wp\/v2\/comments?post=1101"}],"version-history":[{"count":14,"href":"https:\/\/stuntskate.de\/en\/wp-json\/wp\/v2\/pages\/1101\/revisions"}],"predecessor-version":[{"id":1424,"href":"https:\/\/stuntskate.de\/en\/wp-json\/wp\/v2\/pages\/1101\/revisions\/1424"}],"wp:attachment":[{"href":"https:\/\/stuntskate.de\/en\/wp-json\/wp\/v2\/media?parent=1101"}],"curies":[{"name":"wp","href":"https:\/\/api.w.org\/{rel}","templated":true}]}}