{"id":1142,"date":"2025-06-24T11:54:50","date_gmt":"2025-06-24T09:54:50","guid":{"rendered":"https:\/\/stuntskate.de\/?page_id=1142"},"modified":"2025-07-14T13:23:20","modified_gmt":"2025-07-14T11:23:20","slug":"torque-soul-streetwear","status":"publish","type":"page","link":"https:\/\/stuntskate.de\/en\/torque-soul-streetwear\/","title":{"rendered":"Torque Soul Streetwear"},"content":{"rendered":"<figure class=\"wp-block-image size-large\"><img loading=\"lazy\" decoding=\"async\" width=\"1024\" height=\"768\" src=\"https:\/\/stuntskate.de\/wp-content\/uploads\/2025\/07\/IMG_3659-1024x768.jpg\" alt=\"\" class=\"wp-image-1235\" srcset=\"https:\/\/stuntskate.de\/wp-content\/uploads\/2025\/07\/IMG_3659-1024x768.jpg 1024w, https:\/\/stuntskate.de\/wp-content\/uploads\/2025\/07\/IMG_3659-300x225.jpg 300w, https:\/\/stuntskate.de\/wp-content\/uploads\/2025\/07\/IMG_3659-768x576.jpg 768w, https:\/\/stuntskate.de\/wp-content\/uploads\/2025\/07\/IMG_3659-1536x1152.jpg 1536w, https:\/\/stuntskate.de\/wp-content\/uploads\/2025\/07\/IMG_3659-2048x1536.jpg 2048w, https:\/\/stuntskate.de\/wp-content\/uploads\/2025\/07\/IMG_3659-16x12.jpg 16w\" sizes=\"auto, (max-width: 1024px) 100vw, 1024px\" \/><\/figure>\n\n\n\n<p><strong>&#8222;Torque Soul Streetwear<\/strong>&nbsp;ist gemacht f\u00fcr alle, die sich frei bewegen, mutig denken und den Rollerblading Lifestyle leben.<strong>&#8222;<\/strong><\/p>\n\n\n\n<hr class=\"wp-block-separator has-alpha-channel-opacity\"\/>\n\n\n\n<div class=\"wp-block-columns is-layout-flex wp-container-core-columns-is-layout-28f84493 wp-block-columns-is-layout-flex\">\n<div class=\"wp-block-column is-layout-flow wp-block-column-is-layout-flow\">\n<figure class=\"wp-block-image size-large\"><img loading=\"lazy\" decoding=\"async\" width=\"1024\" height=\"576\" src=\"https:\/\/stuntskate.de\/wp-content\/uploads\/2025\/06\/TSSW-LOGO-FULL--1024x576.jpg\" alt=\"\" class=\"wp-image-1143\" srcset=\"https:\/\/stuntskate.de\/wp-content\/uploads\/2025\/06\/TSSW-LOGO-FULL--1024x576.jpg 1024w, https:\/\/stuntskate.de\/wp-content\/uploads\/2025\/06\/TSSW-LOGO-FULL--300x169.jpg 300w, https:\/\/stuntskate.de\/wp-content\/uploads\/2025\/06\/TSSW-LOGO-FULL--768x432.jpg 768w, https:\/\/stuntskate.de\/wp-content\/uploads\/2025\/06\/TSSW-LOGO-FULL--1536x864.jpg 1536w, https:\/\/stuntskate.de\/wp-content\/uploads\/2025\/06\/TSSW-LOGO-FULL--18x10.jpg 18w, https:\/\/stuntskate.de\/wp-content\/uploads\/2025\/06\/TSSW-LOGO-FULL-.jpg 1920w\" sizes=\"auto, (max-width: 1024px) 100vw, 1024px\" \/><\/figure>\n<\/div>\n\n\n\n<div class=\"wp-block-column is-layout-flow wp-block-column-is-layout-flow\">\n<p>Steffen, der Gr\u00fcnder von Torque Soul Streetwear, ist selber seit 1996 auf Stuntskates unterwegs.<br>Zum Winterclash 2025 (inoffizielle Weltmeisterschaft im Stuntskaten) ging er mit seiner Marke und dem <a href=\"https:\/\/torquesoulstreetwear.shop\/\">europaweiten Online-Shop<\/a> an den Start.<br>Dabei steht f\u00fcr ihn der Support des Sportes an erster Stelle.<\/p>\n\n\n\n<p><\/p>\n<\/div>\n<\/div>\n\n\n\n<hr class=\"wp-block-separator has-alpha-channel-opacity\"\/>\n\n\n\n<h1 class=\"wp-block-heading\">Die Marke<\/h1>\n\n\n\n<figure class=\"wp-block-image size-large\"><img loading=\"lazy\" decoding=\"async\" width=\"1024\" height=\"616\" src=\"https:\/\/stuntskate.de\/wp-content\/uploads\/2025\/06\/photo_2025-06-24_11-48-57-1024x616.jpg\" alt=\"\" class=\"wp-image-1151\" srcset=\"https:\/\/stuntskate.de\/wp-content\/uploads\/2025\/06\/photo_2025-06-24_11-48-57-1024x616.jpg 1024w, https:\/\/stuntskate.de\/wp-content\/uploads\/2025\/06\/photo_2025-06-24_11-48-57-300x180.jpg 300w, https:\/\/stuntskate.de\/wp-content\/uploads\/2025\/06\/photo_2025-06-24_11-48-57-768x462.jpg 768w, https:\/\/stuntskate.de\/wp-content\/uploads\/2025\/06\/photo_2025-06-24_11-48-57-18x12.jpg 18w, https:\/\/stuntskate.de\/wp-content\/uploads\/2025\/06\/photo_2025-06-24_11-48-57.jpg 1280w\" sizes=\"auto, (max-width: 1024px) 100vw, 1024px\" \/><\/figure>\n\n\n\n<p>Torque Soul Streetwear ist bekannt f\u00fcr langlebige Stuntskate Klamotten. Dabei wird auf hochwertige Prints, Sticke und Siebdrucke gesetzt. Die Marke bietet eine breite Produktpalette von M\u00fctzen, Kappen \u00fcber Shirts, Pullis und Jacken.<\/p>\n\n\n\n<div class=\"wp-block-buttons alignfull is-content-justification-center is-layout-flex wp-container-core-buttons-is-layout-a89b3969 wp-block-buttons-is-layout-flex\">\n<div class=\"wp-block-button is-style-outline is-style-outline--1\"><a class=\"wp-block-button__link wp-element-button\" href=\"https:\/\/torquesoulstreetwear.shop\/\">Zum Shop<\/a><\/div>\n<\/div>\n\n\n\n<p><\/p>\n\n\n\n<h1 class=\"wp-block-heading\">Das GEsicht hinter Torque Soul Streetwear<\/h1>\n\n\n\n<figure class=\"wp-block-gallery has-nested-images columns-default is-cropped wp-block-gallery-2 is-layout-flex wp-block-gallery-is-layout-flex\">\n<figure class=\"wp-block-image size-large\"><img loading=\"lazy\" decoding=\"async\" width=\"1182\" height=\"1182\" data-id=\"1149\" src=\"https:\/\/stuntskate.de\/wp-content\/uploads\/2025\/06\/photo_2025-06-24_11-38-35-edited.jpg\" alt=\"\" class=\"wp-image-1149\" srcset=\"https:\/\/stuntskate.de\/wp-content\/uploads\/2025\/06\/photo_2025-06-24_11-38-35-edited.jpg 1182w, https:\/\/stuntskate.de\/wp-content\/uploads\/2025\/06\/photo_2025-06-24_11-38-35-edited-300x300.jpg 300w, https:\/\/stuntskate.de\/wp-content\/uploads\/2025\/06\/photo_2025-06-24_11-38-35-edited-1024x1024.jpg 1024w, https:\/\/stuntskate.de\/wp-content\/uploads\/2025\/06\/photo_2025-06-24_11-38-35-edited-150x150.jpg 150w, https:\/\/stuntskate.de\/wp-content\/uploads\/2025\/06\/photo_2025-06-24_11-38-35-edited-768x768.jpg 768w, https:\/\/stuntskate.de\/wp-content\/uploads\/2025\/06\/photo_2025-06-24_11-38-35-edited-12x12.jpg 12w\" sizes=\"auto, (max-width: 1182px) 100vw, 1182px\" \/><\/figure>\n\n\n\n<figure class=\"wp-block-image size-large\"><img loading=\"lazy\" decoding=\"async\" width=\"959\" height=\"959\" data-id=\"1150\" src=\"https:\/\/stuntskate.de\/wp-content\/uploads\/2025\/06\/photo_2025-06-24_11-38-34-2-edited.jpg\" alt=\"\" class=\"wp-image-1150\" srcset=\"https:\/\/stuntskate.de\/wp-content\/uploads\/2025\/06\/photo_2025-06-24_11-38-34-2-edited.jpg 959w, https:\/\/stuntskate.de\/wp-content\/uploads\/2025\/06\/photo_2025-06-24_11-38-34-2-edited-300x300.jpg 300w, https:\/\/stuntskate.de\/wp-content\/uploads\/2025\/06\/photo_2025-06-24_11-38-34-2-edited-150x150.jpg 150w, https:\/\/stuntskate.de\/wp-content\/uploads\/2025\/06\/photo_2025-06-24_11-38-34-2-edited-768x768.jpg 768w, https:\/\/stuntskate.de\/wp-content\/uploads\/2025\/06\/photo_2025-06-24_11-38-34-2-edited-12x12.jpg 12w\" sizes=\"auto, (max-width: 959px) 100vw, 959px\" \/><\/figure>\n\n\n\n<figure class=\"wp-block-image size-large\"><img loading=\"lazy\" decoding=\"async\" width=\"1024\" height=\"769\" data-id=\"1148\" src=\"https:\/\/stuntskate.de\/wp-content\/uploads\/2025\/06\/photo_2025-06-24_11-38-34-1024x769.jpg\" alt=\"\" class=\"wp-image-1148\" srcset=\"https:\/\/stuntskate.de\/wp-content\/uploads\/2025\/06\/photo_2025-06-24_11-38-34-1024x769.jpg 1024w, https:\/\/stuntskate.de\/wp-content\/uploads\/2025\/06\/photo_2025-06-24_11-38-34-300x225.jpg 300w, https:\/\/stuntskate.de\/wp-content\/uploads\/2025\/06\/photo_2025-06-24_11-38-34-768x577.jpg 768w, https:\/\/stuntskate.de\/wp-content\/uploads\/2025\/06\/photo_2025-06-24_11-38-34-16x12.jpg 16w, https:\/\/stuntskate.de\/wp-content\/uploads\/2025\/06\/photo_2025-06-24_11-38-34.jpg 1280w\" sizes=\"auto, (max-width: 1024px) 100vw, 1024px\" \/><\/figure>\n\n\n\n<figure class=\"wp-block-image size-large\"><img loading=\"lazy\" decoding=\"async\" width=\"1024\" height=\"768\" data-id=\"1231\" src=\"https:\/\/stuntskate.de\/wp-content\/uploads\/2025\/06\/879517da-5ec3-4173-b759-f554c42852fb-1024x768.jpeg\" alt=\"\" class=\"wp-image-1231\" srcset=\"https:\/\/stuntskate.de\/wp-content\/uploads\/2025\/06\/879517da-5ec3-4173-b759-f554c42852fb-1024x768.jpeg 1024w, https:\/\/stuntskate.de\/wp-content\/uploads\/2025\/06\/879517da-5ec3-4173-b759-f554c42852fb-300x225.jpeg 300w, https:\/\/stuntskate.de\/wp-content\/uploads\/2025\/06\/879517da-5ec3-4173-b759-f554c42852fb-768x576.jpeg 768w, https:\/\/stuntskate.de\/wp-content\/uploads\/2025\/06\/879517da-5ec3-4173-b759-f554c42852fb-1536x1152.jpeg 1536w, https:\/\/stuntskate.de\/wp-content\/uploads\/2025\/06\/879517da-5ec3-4173-b759-f554c42852fb-2048x1536.jpeg 2048w, https:\/\/stuntskate.de\/wp-content\/uploads\/2025\/06\/879517da-5ec3-4173-b759-f554c42852fb-16x12.jpeg 16w\" sizes=\"auto, (max-width: 1024px) 100vw, 1024px\" \/><\/figure>\n<\/figure>\n\n\n\n<p>Steffen ist seit den 90ern in der Rollsport-Szene unterwegs. Seine ersten Schritte auf dem Skateboard machte er bereits 1989. 1994 entdeckte er die Inline Skates f\u00fcr sich &#8211; und stieg dann 1996 auf Stuntskates um.<br>2002 lie\u00df er das Stuntskaten und 2006 auch schlie\u00dflich das Skateboarden kurzer Zeit hinter sich, bis er 2024 wieder zur\u00fcck zu diesem Sport fand &#8211; motivierter denn je.<\/p>\n\n\n\n<hr class=\"wp-block-separator has-alpha-channel-opacity\"\/>\n\n\n\n<figure class=\"wp-block-gallery has-nested-images columns-default is-cropped wp-block-gallery-3 is-layout-flex wp-block-gallery-is-layout-flex\">\n<figure class=\"wp-block-image size-large\"><img loading=\"lazy\" decoding=\"async\" width=\"768\" height=\"1024\" data-id=\"1243\" src=\"https:\/\/stuntskate.de\/wp-content\/uploads\/2025\/07\/IMG_3629-768x1024.jpg\" alt=\"\" class=\"wp-image-1243\" srcset=\"https:\/\/stuntskate.de\/wp-content\/uploads\/2025\/07\/IMG_3629-768x1024.jpg 768w, https:\/\/stuntskate.de\/wp-content\/uploads\/2025\/07\/IMG_3629-225x300.jpg 225w, https:\/\/stuntskate.de\/wp-content\/uploads\/2025\/07\/IMG_3629-1152x1536.jpg 1152w, https:\/\/stuntskate.de\/wp-content\/uploads\/2025\/07\/IMG_3629-1536x2048.jpg 1536w, https:\/\/stuntskate.de\/wp-content\/uploads\/2025\/07\/IMG_3629-9x12.jpg 9w, https:\/\/stuntskate.de\/wp-content\/uploads\/2025\/07\/IMG_3629-scaled.jpg 1920w\" sizes=\"auto, (max-width: 768px) 100vw, 768px\" \/><\/figure>\n\n\n\n<figure class=\"wp-block-image size-large\"><img loading=\"lazy\" decoding=\"async\" width=\"768\" height=\"1024\" data-id=\"1236\" src=\"https:\/\/stuntskate.de\/wp-content\/uploads\/2025\/07\/IMG_3770-768x1024.jpg\" alt=\"\" class=\"wp-image-1236\" srcset=\"https:\/\/stuntskate.de\/wp-content\/uploads\/2025\/07\/IMG_3770-768x1024.jpg 768w, https:\/\/stuntskate.de\/wp-content\/uploads\/2025\/07\/IMG_3770-225x300.jpg 225w, https:\/\/stuntskate.de\/wp-content\/uploads\/2025\/07\/IMG_3770-1152x1536.jpg 1152w, https:\/\/stuntskate.de\/wp-content\/uploads\/2025\/07\/IMG_3770-1536x2048.jpg 1536w, https:\/\/stuntskate.de\/wp-content\/uploads\/2025\/07\/IMG_3770-9x12.jpg 9w, https:\/\/stuntskate.de\/wp-content\/uploads\/2025\/07\/IMG_3770-scaled.jpg 1920w\" sizes=\"auto, (max-width: 768px) 100vw, 768px\" \/><\/figure>\n\n\n\n<figure class=\"wp-block-image size-large\"><img loading=\"lazy\" decoding=\"async\" width=\"1024\" height=\"768\" data-id=\"1242\" src=\"https:\/\/stuntskate.de\/wp-content\/uploads\/2025\/07\/IMG_3684-1024x768.jpg\" alt=\"\" class=\"wp-image-1242\" srcset=\"https:\/\/stuntskate.de\/wp-content\/uploads\/2025\/07\/IMG_3684-1024x768.jpg 1024w, https:\/\/stuntskate.de\/wp-content\/uploads\/2025\/07\/IMG_3684-300x225.jpg 300w, https:\/\/stuntskate.de\/wp-content\/uploads\/2025\/07\/IMG_3684-768x576.jpg 768w, https:\/\/stuntskate.de\/wp-content\/uploads\/2025\/07\/IMG_3684-1536x1152.jpg 1536w, https:\/\/stuntskate.de\/wp-content\/uploads\/2025\/07\/IMG_3684-2048x1536.jpg 2048w, https:\/\/stuntskate.de\/wp-content\/uploads\/2025\/07\/IMG_3684-16x12.jpg 16w\" sizes=\"auto, (max-width: 1024px) 100vw, 1024px\" \/><\/figure>\n<\/figure>\n\n\n\n<hr class=\"wp-block-separator has-alpha-channel-opacity\"\/>\n\n\n\n<figure class=\"wp-block-gallery has-nested-images columns-default is-cropped wp-block-gallery-4 is-layout-flex wp-block-gallery-is-layout-flex\">\n<figure class=\"wp-block-image size-large\"><img loading=\"lazy\" decoding=\"async\" width=\"1024\" height=\"682\" data-id=\"1164\" src=\"https:\/\/stuntskate.de\/wp-content\/uploads\/2025\/06\/photo_2025-06-24_12-17-09-1024x682.jpg\" alt=\"\" class=\"wp-image-1164\" srcset=\"https:\/\/stuntskate.de\/wp-content\/uploads\/2025\/06\/photo_2025-06-24_12-17-09-1024x682.jpg 1024w, https:\/\/stuntskate.de\/wp-content\/uploads\/2025\/06\/photo_2025-06-24_12-17-09-300x200.jpg 300w, https:\/\/stuntskate.de\/wp-content\/uploads\/2025\/06\/photo_2025-06-24_12-17-09-768x512.jpg 768w, https:\/\/stuntskate.de\/wp-content\/uploads\/2025\/06\/photo_2025-06-24_12-17-09-18x12.jpg 18w, https:\/\/stuntskate.de\/wp-content\/uploads\/2025\/06\/photo_2025-06-24_12-17-09.jpg 1280w\" sizes=\"auto, (max-width: 1024px) 100vw, 1024px\" \/><\/figure>\n\n\n\n<figure class=\"wp-block-image size-large\"><img loading=\"lazy\" decoding=\"async\" width=\"682\" height=\"1024\" data-id=\"1165\" src=\"https:\/\/stuntskate.de\/wp-content\/uploads\/2025\/06\/photo_2025-06-24_12-17-08-682x1024.jpg\" alt=\"\" class=\"wp-image-1165\" srcset=\"https:\/\/stuntskate.de\/wp-content\/uploads\/2025\/06\/photo_2025-06-24_12-17-08-682x1024.jpg 682w, https:\/\/stuntskate.de\/wp-content\/uploads\/2025\/06\/photo_2025-06-24_12-17-08-200x300.jpg 200w, https:\/\/stuntskate.de\/wp-content\/uploads\/2025\/06\/photo_2025-06-24_12-17-08-768x1152.jpg 768w, https:\/\/stuntskate.de\/wp-content\/uploads\/2025\/06\/photo_2025-06-24_12-17-08-8x12.jpg 8w, https:\/\/stuntskate.de\/wp-content\/uploads\/2025\/06\/photo_2025-06-24_12-17-08.jpg 853w\" sizes=\"auto, (max-width: 682px) 100vw, 682px\" \/><\/figure>\n\n\n\n<figure class=\"wp-block-image size-large\"><img loading=\"lazy\" decoding=\"async\" width=\"682\" height=\"1024\" data-id=\"1166\" src=\"https:\/\/stuntskate.de\/wp-content\/uploads\/2025\/06\/photo_2025-06-24_12-17-07-682x1024.jpg\" alt=\"\" class=\"wp-image-1166\" srcset=\"https:\/\/stuntskate.de\/wp-content\/uploads\/2025\/06\/photo_2025-06-24_12-17-07-682x1024.jpg 682w, https:\/\/stuntskate.de\/wp-content\/uploads\/2025\/06\/photo_2025-06-24_12-17-07-200x300.jpg 200w, https:\/\/stuntskate.de\/wp-content\/uploads\/2025\/06\/photo_2025-06-24_12-17-07-768x1152.jpg 768w, https:\/\/stuntskate.de\/wp-content\/uploads\/2025\/06\/photo_2025-06-24_12-17-07-8x12.jpg 8w, https:\/\/stuntskate.de\/wp-content\/uploads\/2025\/06\/photo_2025-06-24_12-17-07.jpg 853w\" sizes=\"auto, (max-width: 682px) 100vw, 682px\" \/><\/figure>\n<\/figure>","protected":false},"excerpt":{"rendered":"<p>&#8222;Torque Soul Streetwear&nbsp;ist gemacht f\u00fcr alle, die sich frei bewegen, mutig denken und den Rollerblading Lifestyle leben.&#8222; Steffen, der Gr\u00fcnder von Torque Soul Streetwear, ist selber seit 1996 auf Stuntskates [&hellip;]<\/p>\n","protected":false},"author":1,"featured_media":1143,"parent":0,"menu_order":0,"comment_status":"closed","ping_status":"closed","template":"","meta":{"_price":"","_stock":"","_tribe_ticket_header":"","_tribe_default_ticket_provider":"","_tribe_ticket_capacity":"0","_ticket_start_date":"","_ticket_end_date":"","_tribe_ticket_show_description":"","_tribe_ticket_show_not_going":false,"_tribe_ticket_use_global_stock":"","_tribe_ticket_global_stock_level":"","_global_stock_mode":"","_global_stock_cap":"","_tribe_rsvp_for_event":"","_tribe_ticket_going_count":"","_tribe_ticket_not_going_count":"","_tribe_tickets_list":"[]","_tribe_ticket_has_attendee_info_fields":false,"_EventAllDay":false,"_EventTimezone":"","_EventStartDate":"","_EventEndDate":"","_EventStartDateUTC":"","_EventEndDateUTC":"","_EventShowMap":false,"_EventShowMapLink":false,"_EventURL":"","_EventCost":"","_EventCostDescription":"","_EventCurrencySymbol":"","_EventCurrencyCode":"","_EventCurrencyPosition":"","_EventDateTimeSeparator":"","_EventTimeRangeSeparator":"","_EventOrganizerID":[],"_EventVenueID":[],"_OrganizerEmail":"","_OrganizerPhone":"","_OrganizerWebsite":"","_VenueAddress":"","_VenueCity":"","_VenueCountry":"","_VenueProvince":"","_VenueState":"","_VenueZip":"","_VenuePhone":"","_VenueURL":"","_VenueStateProvince":"","_VenueLat":"","_VenueLng":"","_VenueShowMap":false,"_VenueShowMapLink":false,"footnotes":"","_tec_slr_enabled":"","_tec_slr_layout":""},"class_list":["post-1142","page","type-page","status-publish","has-post-thumbnail","hentry"],"yoast_head":"<!-- This site is optimized with the Yoast SEO plugin v27.4 - https:\/\/yoast.com\/product\/yoast-seo-wordpress\/ -->\n<title>Torque Soul Streetwear - stuntskate.de<\/title>\n<meta name=\"robots\" content=\"index, follow, max-snippet:-1, max-image-preview:large, max-video-preview:-1\" \/>\n<link rel=\"canonical\" href=\"https:\/\/stuntskate.de\/en\/torque-soul-streetwear\/\" \/>\n<meta property=\"og:locale\" content=\"en_US\" \/>\n<meta property=\"og:type\" content=\"article\" \/>\n<meta property=\"og:title\" content=\"Torque Soul Streetwear - stuntskate.de\" \/>\n<meta property=\"og:description\" content=\"&#8222;Torque Soul Streetwear&nbsp;ist gemacht f\u00fcr alle, die sich frei bewegen, mutig denken und den Rollerblading Lifestyle leben.&#8222; Steffen, der Gr\u00fcnder von Torque Soul Streetwear, ist selber seit 1996 auf Stuntskates [&hellip;]\" \/>\n<meta property=\"og:url\" content=\"https:\/\/stuntskate.de\/en\/torque-soul-streetwear\/\" \/>\n<meta property=\"og:site_name\" content=\"stuntskate.de\" \/>\n<meta property=\"article:modified_time\" content=\"2025-07-14T11:23:20+00:00\" \/>\n<meta property=\"og:image\" content=\"https:\/\/stuntskate.de\/wp-content\/uploads\/2025\/06\/TSSW-LOGO-FULL-.jpg\" \/>\n\t<meta property=\"og:image:width\" content=\"1920\" \/>\n\t<meta property=\"og:image:height\" content=\"1080\" \/>\n\t<meta property=\"og:image:type\" content=\"image\/jpeg\" \/>\n<meta name=\"twitter:card\" content=\"summary_large_image\" \/>\n<meta name=\"twitter:label1\" content=\"Est. reading time\" \/>\n\t<meta name=\"twitter:data1\" content=\"4 minutes\" \/>\n<script type=\"application\/ld+json\" class=\"yoast-schema-graph\">{\"@context\":\"https:\\\/\\\/schema.org\",\"@graph\":[{\"@type\":\"WebPage\",\"@id\":\"https:\\\/\\\/stuntskate.de\\\/torque-soul-streetwear\\\/\",\"url\":\"https:\\\/\\\/stuntskate.de\\\/torque-soul-streetwear\\\/\",\"name\":\"Torque Soul Streetwear - stuntskate.de\",\"isPartOf\":{\"@id\":\"https:\\\/\\\/stuntskate.de\\\/#website\"},\"primaryImageOfPage\":{\"@id\":\"https:\\\/\\\/stuntskate.de\\\/torque-soul-streetwear\\\/#primaryimage\"},\"image\":{\"@id\":\"https:\\\/\\\/stuntskate.de\\\/torque-soul-streetwear\\\/#primaryimage\"},\"thumbnailUrl\":\"https:\\\/\\\/stuntskate.de\\\/wp-content\\\/uploads\\\/2025\\\/06\\\/TSSW-LOGO-FULL-.jpg\",\"datePublished\":\"2025-06-24T09:54:50+00:00\",\"dateModified\":\"2025-07-14T11:23:20+00:00\",\"breadcrumb\":{\"@id\":\"https:\\\/\\\/stuntskate.de\\\/torque-soul-streetwear\\\/#breadcrumb\"},\"inLanguage\":\"en-US\",\"potentialAction\":[{\"@type\":\"ReadAction\",\"target\":[\"https:\\\/\\\/stuntskate.de\\\/torque-soul-streetwear\\\/\"]}]},{\"@type\":\"ImageObject\",\"inLanguage\":\"en-US\",\"@id\":\"https:\\\/\\\/stuntskate.de\\\/torque-soul-streetwear\\\/#primaryimage\",\"url\":\"https:\\\/\\\/stuntskate.de\\\/wp-content\\\/uploads\\\/2025\\\/06\\\/TSSW-LOGO-FULL-.jpg\",\"contentUrl\":\"https:\\\/\\\/stuntskate.de\\\/wp-content\\\/uploads\\\/2025\\\/06\\\/TSSW-LOGO-FULL-.jpg\",\"width\":1920,\"height\":1080},{\"@type\":\"BreadcrumbList\",\"@id\":\"https:\\\/\\\/stuntskate.de\\\/torque-soul-streetwear\\\/#breadcrumb\",\"itemListElement\":[{\"@type\":\"ListItem\",\"position\":1,\"name\":\"Startseite\",\"item\":\"https:\\\/\\\/stuntskate.de\\\/\"},{\"@type\":\"ListItem\",\"position\":2,\"name\":\"Torque Soul Streetwear\"}]},{\"@type\":\"WebSite\",\"@id\":\"https:\\\/\\\/stuntskate.de\\\/#website\",\"url\":\"https:\\\/\\\/stuntskate.de\\\/\",\"name\":\"stuntskate.de\",\"description\":\"Stunt Inline-Skate Kurse\",\"publisher\":{\"@id\":\"https:\\\/\\\/stuntskate.de\\\/#organization\"},\"potentialAction\":[{\"@type\":\"SearchAction\",\"target\":{\"@type\":\"EntryPoint\",\"urlTemplate\":\"https:\\\/\\\/stuntskate.de\\\/?s={search_term_string}\"},\"query-input\":{\"@type\":\"PropertyValueSpecification\",\"valueRequired\":true,\"valueName\":\"search_term_string\"}}],\"inLanguage\":\"en-US\"},{\"@type\":\"Organization\",\"@id\":\"https:\\\/\\\/stuntskate.de\\\/#organization\",\"name\":\"stuntskate.de\",\"url\":\"https:\\\/\\\/stuntskate.de\\\/\",\"logo\":{\"@type\":\"ImageObject\",\"inLanguage\":\"en-US\",\"@id\":\"https:\\\/\\\/stuntskate.de\\\/#\\\/schema\\\/logo\\\/image\\\/\",\"url\":\"https:\\\/\\\/stuntskate.de\\\/wp-content\\\/uploads\\\/2024\\\/11\\\/cropped-cropped-Logo10801080-removebg-preview.png\",\"contentUrl\":\"https:\\\/\\\/stuntskate.de\\\/wp-content\\\/uploads\\\/2024\\\/11\\\/cropped-cropped-Logo10801080-removebg-preview.png\",\"width\":512,\"height\":512,\"caption\":\"stuntskate.de\"},\"image\":{\"@id\":\"https:\\\/\\\/stuntskate.de\\\/#\\\/schema\\\/logo\\\/image\\\/\"},\"sameAs\":[\"https:\\\/\\\/instagram.com\\\/stuntskate.de\\\/\"]}]}<\/script>\n<!-- \/ Yoast SEO plugin. -->","yoast_head_json":{"title":"Torque Soul Streetwear - stuntskate.de","robots":{"index":"index","follow":"follow","max-snippet":"max-snippet:-1","max-image-preview":"max-image-preview:large","max-video-preview":"max-video-preview:-1"},"canonical":"https:\/\/stuntskate.de\/en\/torque-soul-streetwear\/","og_locale":"en_US","og_type":"article","og_title":"Torque Soul Streetwear - stuntskate.de","og_description":"&#8222;Torque Soul Streetwear&nbsp;ist gemacht f\u00fcr alle, die sich frei bewegen, mutig denken und den Rollerblading Lifestyle leben.&#8222; Steffen, der Gr\u00fcnder von Torque Soul Streetwear, ist selber seit 1996 auf Stuntskates [&hellip;]","og_url":"https:\/\/stuntskate.de\/en\/torque-soul-streetwear\/","og_site_name":"stuntskate.de","article_modified_time":"2025-07-14T11:23:20+00:00","og_image":[{"width":1920,"height":1080,"url":"https:\/\/stuntskate.de\/wp-content\/uploads\/2025\/06\/TSSW-LOGO-FULL-.jpg","type":"image\/jpeg"}],"twitter_card":"summary_large_image","twitter_misc":{"Est. reading time":"4 minutes"},"schema":{"@context":"https:\/\/schema.org","@graph":[{"@type":"WebPage","@id":"https:\/\/stuntskate.de\/torque-soul-streetwear\/","url":"https:\/\/stuntskate.de\/torque-soul-streetwear\/","name":"Torque Soul Streetwear - stuntskate.de","isPartOf":{"@id":"https:\/\/stuntskate.de\/#website"},"primaryImageOfPage":{"@id":"https:\/\/stuntskate.de\/torque-soul-streetwear\/#primaryimage"},"image":{"@id":"https:\/\/stuntskate.de\/torque-soul-streetwear\/#primaryimage"},"thumbnailUrl":"https:\/\/stuntskate.de\/wp-content\/uploads\/2025\/06\/TSSW-LOGO-FULL-.jpg","datePublished":"2025-06-24T09:54:50+00:00","dateModified":"2025-07-14T11:23:20+00:00","breadcrumb":{"@id":"https:\/\/stuntskate.de\/torque-soul-streetwear\/#breadcrumb"},"inLanguage":"en-US","potentialAction":[{"@type":"ReadAction","target":["https:\/\/stuntskate.de\/torque-soul-streetwear\/"]}]},{"@type":"ImageObject","inLanguage":"en-US","@id":"https:\/\/stuntskate.de\/torque-soul-streetwear\/#primaryimage","url":"https:\/\/stuntskate.de\/wp-content\/uploads\/2025\/06\/TSSW-LOGO-FULL-.jpg","contentUrl":"https:\/\/stuntskate.de\/wp-content\/uploads\/2025\/06\/TSSW-LOGO-FULL-.jpg","width":1920,"height":1080},{"@type":"BreadcrumbList","@id":"https:\/\/stuntskate.de\/torque-soul-streetwear\/#breadcrumb","itemListElement":[{"@type":"ListItem","position":1,"name":"Startseite","item":"https:\/\/stuntskate.de\/"},{"@type":"ListItem","position":2,"name":"Torque Soul Streetwear"}]},{"@type":"WebSite","@id":"https:\/\/stuntskate.de\/#website","url":"https:\/\/stuntskate.de\/","name":"stuntskate.de","description":"Stunt Inline-Skate Kurse","publisher":{"@id":"https:\/\/stuntskate.de\/#organization"},"potentialAction":[{"@type":"SearchAction","target":{"@type":"EntryPoint","urlTemplate":"https:\/\/stuntskate.de\/?s={search_term_string}"},"query-input":{"@type":"PropertyValueSpecification","valueRequired":true,"valueName":"search_term_string"}}],"inLanguage":"en-US"},{"@type":"Organization","@id":"https:\/\/stuntskate.de\/#organization","name":"stuntskate.de","url":"https:\/\/stuntskate.de\/","logo":{"@type":"ImageObject","inLanguage":"en-US","@id":"https:\/\/stuntskate.de\/#\/schema\/logo\/image\/","url":"https:\/\/stuntskate.de\/wp-content\/uploads\/2024\/11\/cropped-cropped-Logo10801080-removebg-preview.png","contentUrl":"https:\/\/stuntskate.de\/wp-content\/uploads\/2024\/11\/cropped-cropped-Logo10801080-removebg-preview.png","width":512,"height":512,"caption":"stuntskate.de"},"image":{"@id":"https:\/\/stuntskate.de\/#\/schema\/logo\/image\/"},"sameAs":["https:\/\/instagram.com\/stuntskate.de\/"]}]}},"ticketed":false,"_links":{"self":[{"href":"https:\/\/stuntskate.de\/en\/wp-json\/wp\/v2\/pages\/1142","targetHints":{"allow":["GET"]}}],"collection":[{"href":"https:\/\/stuntskate.de\/en\/wp-json\/wp\/v2\/pages"}],"about":[{"href":"https:\/\/stuntskate.de\/en\/wp-json\/wp\/v2\/types\/page"}],"author":[{"embeddable":true,"href":"https:\/\/stuntskate.de\/en\/wp-json\/wp\/v2\/users\/1"}],"replies":[{"embeddable":true,"href":"https:\/\/stuntskate.de\/en\/wp-json\/wp\/v2\/comments?post=1142"}],"version-history":[{"count":7,"href":"https:\/\/stuntskate.de\/en\/wp-json\/wp\/v2\/pages\/1142\/revisions"}],"predecessor-version":[{"id":1247,"href":"https:\/\/stuntskate.de\/en\/wp-json\/wp\/v2\/pages\/1142\/revisions\/1247"}],"wp:featuredmedia":[{"embeddable":true,"href":"https:\/\/stuntskate.de\/en\/wp-json\/wp\/v2\/media\/1143"}],"wp:attachment":[{"href":"https:\/\/stuntskate.de\/en\/wp-json\/wp\/v2\/media?parent=1142"}],"curies":[{"name":"wp","href":"https:\/\/api.w.org\/{rel}","templated":true}]}}