{"id":13,"date":"2024-11-24T21:53:40","date_gmt":"2024-11-24T20:53:40","guid":{"rendered":"https:\/\/stuntskate.rollundskate-dortmund.de\/?page_id=13"},"modified":"2025-06-24T11:17:13","modified_gmt":"2025-06-24T09:17:13","slug":"sponsering-and-partners","status":"publish","type":"page","link":"https:\/\/stuntskate.de\/en\/sponsering-and-partners\/","title":{"rendered":"Sponsoren &amp; Partner"},"content":{"rendered":"\n<h1 class=\"wp-block-heading\">Partner<\/h1>\n\n\n\n<p>Gemeinsam mit unseren Partnern versuchen wir unser Angebot weiter auszubauen.<\/p>\n\n\n\n<div class=\"wp-block-query is-layout-flow wp-block-query-is-layout-flow\"><ul class=\"columns-3 wp-block-post-template is-layout-grid wp-container-core-post-template-is-layout-125c70a0 wp-block-post-template-is-layout-grid\"><li class=\"wp-block-post post-618 post type-post status-publish format-standard has-post-thumbnail hentry category-partner\">\n\n<div class=\"wp-block-group is-layout-flow wp-block-group-is-layout-flow\" style=\"padding-top:15px;padding-right:15px;padding-bottom:15px;padding-left:15px\"><figure style=\"padding-top:0;padding-bottom:0;\" class=\"aligncenter wp-block-post-featured-image wp-duotone-unset-1\"><a href=\"https:\/\/stuntskate.de\/en\/partner\/wickedwoods\/\" target=\"_blank\" rel=\"https:\/\/www.instagram.com\/jfs_epi_skatepark_hombruch\/?hl=de\" ><img decoding=\"async\" src=\"https:\/\/stuntskate.de\/wp-content\/uploads\/2024\/12\/WickedWoods_logo.svg\" class=\"attachment-post-thumbnail size-post-thumbnail wp-post-image\" alt=\"WickedWoods\" style=\"object-fit:cover;\" \/><\/a><\/figure>\n\n<div class=\"wp-block-post-excerpt\"><p class=\"wp-block-post-excerpt__excerpt\">Wicked Woods ist seit nunmehr \u00fcber 25 Jahren eine Top Adresse unter den Indoorparks in Deutschland. Hier finden in voneinander getrennten Sessions BMX, Scooter, Skateboard und Inliner eine M\u00f6glichkeit, ihre [&hellip;] <\/p><\/div><\/div>\n\n<\/li><li class=\"wp-block-post post-326 post type-post status-publish format-standard has-post-thumbnail hentry category-partner\">\n\n<div class=\"wp-block-group is-layout-flow wp-block-group-is-layout-flow\" style=\"padding-top:15px;padding-right:15px;padding-bottom:15px;padding-left:15px\"><figure style=\"padding-top:0;padding-bottom:0;\" class=\"aligncenter wp-block-post-featured-image wp-duotone-unset-2\"><a href=\"https:\/\/stuntskate.de\/en\/partner\/jugendfreizeitstaette-hombruch-epi\/\" target=\"_blank\" rel=\"https:\/\/www.instagram.com\/jfs_epi_skatepark_hombruch\/?hl=de\" ><img loading=\"lazy\" decoding=\"async\" width=\"1920\" height=\"1080\" src=\"https:\/\/stuntskate.de\/wp-content\/uploads\/2024\/11\/EPI_web_sponsor.png\" class=\"attachment-post-thumbnail size-post-thumbnail wp-post-image\" alt=\"Jugendfreizeitst\u00e4tte Hombruch (EPI)\" style=\"object-fit:cover;\" srcset=\"https:\/\/stuntskate.de\/wp-content\/uploads\/2024\/11\/EPI_web_sponsor.png 1920w, https:\/\/stuntskate.de\/wp-content\/uploads\/2024\/11\/EPI_web_sponsor-300x169.png 300w, https:\/\/stuntskate.de\/wp-content\/uploads\/2024\/11\/EPI_web_sponsor-1024x576.png 1024w, https:\/\/stuntskate.de\/wp-content\/uploads\/2024\/11\/EPI_web_sponsor-768x432.png 768w, https:\/\/stuntskate.de\/wp-content\/uploads\/2024\/11\/EPI_web_sponsor-1536x864.png 1536w\" sizes=\"auto, (max-width: 1920px) 100vw, 1920px\" \/><\/a><\/figure>\n\n<div class=\"wp-block-post-excerpt\"><p class=\"wp-block-post-excerpt__excerpt\">Die am Skatepark anliegende Jugendfreizeitst\u00e4tte Hombruch ist ein wichtiger Bestandteil des Skatepark Gesehens. Neben Aktionen und Veranstaltungen bieten sie auch Skatesport Kurse an. <\/p><\/div><\/div>\n\n<\/li><li class=\"wp-block-post post-306 post type-post status-publish format-standard has-post-thumbnail hentry category-partner\">\n\n<div class=\"wp-block-group is-layout-flow wp-block-group-is-layout-flow\" style=\"padding-top:15px;padding-right:15px;padding-bottom:15px;padding-left:15px\"><figure style=\"padding-top:0;padding-bottom:0;\" class=\"aligncenter wp-block-post-featured-image wp-duotone-unset-3\"><a href=\"https:\/\/stuntskate.de\/en\/partner\/roll-und-skatesport-dortmund-e-v\/\" target=\"_blank\" rel=\"https:\/\/www.instagram.com\/jfs_epi_skatepark_hombruch\/?hl=de\" ><img loading=\"lazy\" decoding=\"async\" width=\"1920\" height=\"1080\" src=\"https:\/\/stuntskate.de\/wp-content\/uploads\/2024\/11\/rs_web_sponsor.png\" class=\"attachment-post-thumbnail size-post-thumbnail wp-post-image\" alt=\"Roll- und skatesport Dortmund E.V.\" style=\"object-fit:cover;\" srcset=\"https:\/\/stuntskate.de\/wp-content\/uploads\/2024\/11\/rs_web_sponsor.png 1920w, https:\/\/stuntskate.de\/wp-content\/uploads\/2024\/11\/rs_web_sponsor-300x169.png 300w, https:\/\/stuntskate.de\/wp-content\/uploads\/2024\/11\/rs_web_sponsor-1024x576.png 1024w, https:\/\/stuntskate.de\/wp-content\/uploads\/2024\/11\/rs_web_sponsor-768x432.png 768w, https:\/\/stuntskate.de\/wp-content\/uploads\/2024\/11\/rs_web_sponsor-1536x864.png 1536w\" sizes=\"auto, (max-width: 1920px) 100vw, 1920px\" \/><\/a><\/figure>\n\n<div class=\"wp-block-post-excerpt\"><p class=\"wp-block-post-excerpt__excerpt\">Der Roll- und Skatesport Dortmund e.V. f\u00f6rdert alle Skatepark-Rollsportarten. <\/p><\/div><\/div>\n\n<\/li><li class=\"wp-block-post post-309 post type-post status-publish format-standard has-post-thumbnail hentry category-partner\">\n\n<div class=\"wp-block-group is-layout-flow wp-block-group-is-layout-flow\" style=\"padding-top:15px;padding-right:15px;padding-bottom:15px;padding-left:15px\"><figure style=\"padding-top:0;padding-bottom:0;\" class=\"aligncenter wp-block-post-featured-image wp-duotone-unset-4\"><a href=\"https:\/\/stuntskate.de\/en\/partner\/skatepark-moers\/\" target=\"_blank\" rel=\"https:\/\/www.instagram.com\/jfs_epi_skatepark_hombruch\/?hl=de\" ><img loading=\"lazy\" decoding=\"async\" width=\"1920\" height=\"1080\" src=\"https:\/\/stuntskate.de\/wp-content\/uploads\/2024\/11\/moers_web_sponsor.png\" class=\"attachment-post-thumbnail size-post-thumbnail wp-post-image\" alt=\"Streetbox moers\" style=\"object-fit:cover;\" srcset=\"https:\/\/stuntskate.de\/wp-content\/uploads\/2024\/11\/moers_web_sponsor.png 1920w, https:\/\/stuntskate.de\/wp-content\/uploads\/2024\/11\/moers_web_sponsor-300x169.png 300w, https:\/\/stuntskate.de\/wp-content\/uploads\/2024\/11\/moers_web_sponsor-1024x576.png 1024w, https:\/\/stuntskate.de\/wp-content\/uploads\/2024\/11\/moers_web_sponsor-768x432.png 768w, https:\/\/stuntskate.de\/wp-content\/uploads\/2024\/11\/moers_web_sponsor-1536x864.png 1536w\" sizes=\"auto, (max-width: 1920px) 100vw, 1920px\" \/><\/a><\/figure>\n\n<div class=\"wp-block-post-excerpt\"><p class=\"wp-block-post-excerpt__excerpt\">Moers ist vielf\u00e4ltig, genauso wie die Moerser Jugendarbeit. In Zusammenarbeit mit der Streetbox Moers werden wir zuk\u00fcnftig Stunt Skate \/ Aggressive Inline Kurse &amp; Workshops Anbieten. <\/p><\/div><\/div>\n\n<\/li><li class=\"wp-block-post post-312 post type-post status-publish format-standard has-post-thumbnail hentry category-partner\">\n\n<div class=\"wp-block-group is-layout-flow wp-block-group-is-layout-flow\" style=\"padding-top:15px;padding-right:15px;padding-bottom:15px;padding-left:15px\"><figure style=\"padding-top:0;padding-bottom:0;\" class=\"aligncenter wp-block-post-featured-image wp-duotone-unset-5\"><a href=\"https:\/\/stuntskate.de\/en\/partner\/hueckelhoven\/\" target=\"_blank\" rel=\"https:\/\/www.instagram.com\/jfs_epi_skatepark_hombruch\/?hl=de\" ><img loading=\"lazy\" decoding=\"async\" width=\"1920\" height=\"1080\" src=\"https:\/\/stuntskate.de\/wp-content\/uploads\/2024\/11\/hueckels_web_sponsor.png\" class=\"attachment-post-thumbnail size-post-thumbnail wp-post-image\" alt=\"Stadt H\u00fcckelhoven\" style=\"object-fit:cover;\" srcset=\"https:\/\/stuntskate.de\/wp-content\/uploads\/2024\/11\/hueckels_web_sponsor.png 1920w, https:\/\/stuntskate.de\/wp-content\/uploads\/2024\/11\/hueckels_web_sponsor-300x169.png 300w, https:\/\/stuntskate.de\/wp-content\/uploads\/2024\/11\/hueckels_web_sponsor-1024x576.png 1024w, https:\/\/stuntskate.de\/wp-content\/uploads\/2024\/11\/hueckels_web_sponsor-768x432.png 768w, https:\/\/stuntskate.de\/wp-content\/uploads\/2024\/11\/hueckels_web_sponsor-1536x864.png 1536w\" sizes=\"auto, (max-width: 1920px) 100vw, 1920px\" \/><\/a><\/figure>\n\n<div class=\"wp-block-post-excerpt\"><p class=\"wp-block-post-excerpt__excerpt\">Immer anders In Zusammenarbeit mit der Stadt H\u00fcckelhoven werden wir zuk\u00fcnftig Stunt Skate \/ Aggressive Inline Kurse &amp; Workshops Anbieten. <\/p><\/div><\/div>\n\n<\/li><\/ul><\/div>\n\n\n\n<h1 class=\"wp-block-heading\">Sponsoren<\/h1>\n\n\n\n<div class=\"wp-block-query is-layout-flow wp-block-query-is-layout-flow\"><ul class=\"columns-3 wp-block-post-template is-layout-grid wp-container-core-post-template-is-layout-125c70a0 wp-block-post-template-is-layout-grid\"><li class=\"wp-block-post post-237 post type-post status-publish format-standard has-post-thumbnail hentry category-sponsoren\">\n\n<div class=\"wp-block-group is-layout-flow wp-block-group-is-layout-flow\" style=\"padding-top:15px;padding-right:15px;padding-bottom:15px;padding-left:15px\"><figure style=\"padding-top:0;padding-bottom:0;\" class=\"aligncenter wp-block-post-featured-image wp-duotone-unset-6\"><a href=\"https:\/\/stuntskate.de\/en\/sponsoren\/skateshop-skamidan\/\" target=\"_self\"  ><img loading=\"lazy\" decoding=\"async\" width=\"1920\" height=\"1080\" src=\"https:\/\/stuntskate.de\/wp-content\/uploads\/2024\/11\/skamidan_web_sponsor.png\" class=\"attachment-post-thumbnail size-post-thumbnail wp-post-image\" alt=\"Skateshop SkaMiDan\" style=\"object-fit:cover;\" srcset=\"https:\/\/stuntskate.de\/wp-content\/uploads\/2024\/11\/skamidan_web_sponsor.png 1920w, https:\/\/stuntskate.de\/wp-content\/uploads\/2024\/11\/skamidan_web_sponsor-300x169.png 300w, https:\/\/stuntskate.de\/wp-content\/uploads\/2024\/11\/skamidan_web_sponsor-1024x576.png 1024w, https:\/\/stuntskate.de\/wp-content\/uploads\/2024\/11\/skamidan_web_sponsor-768x432.png 768w, https:\/\/stuntskate.de\/wp-content\/uploads\/2024\/11\/skamidan_web_sponsor-1536x864.png 1536w\" sizes=\"auto, (max-width: 1920px) 100vw, 1920px\" \/><\/a><\/figure>\n\n<div class=\"wp-block-post-excerpt\"><p class=\"wp-block-post-excerpt__excerpt\">SkaMiDan Skateschule und Skateshop.\u00a0Hier erh\u00e4lst du immer eine freundliche, fachm\u00e4nnische und ehrliche Beratung vom Profi, von Skatern f\u00fcr Skater und das mit Leidenschaft! <\/p><\/div><\/div>\n\n<\/li><li class=\"wp-block-post post-301 post type-post status-publish format-standard has-post-thumbnail hentry category-sponsoren\">\n\n<div class=\"wp-block-group is-layout-flow wp-block-group-is-layout-flow\" style=\"padding-top:15px;padding-right:15px;padding-bottom:15px;padding-left:15px\"><figure style=\"padding-top:0;padding-bottom:0;\" class=\"aligncenter wp-block-post-featured-image wp-duotone-unset-7\"><a href=\"https:\/\/stuntskate.de\/en\/sponsoren\/universal-skate-design-usd\/\" target=\"_self\"  ><img loading=\"lazy\" decoding=\"async\" width=\"1920\" height=\"1080\" src=\"https:\/\/stuntskate.de\/wp-content\/uploads\/2024\/11\/USD_web_sponsor.png\" class=\"attachment-post-thumbnail size-post-thumbnail wp-post-image\" alt=\"Universal Skate Design (USD)\" style=\"object-fit:cover;\" srcset=\"https:\/\/stuntskate.de\/wp-content\/uploads\/2024\/11\/USD_web_sponsor.png 1920w, https:\/\/stuntskate.de\/wp-content\/uploads\/2024\/11\/USD_web_sponsor-300x169.png 300w, https:\/\/stuntskate.de\/wp-content\/uploads\/2024\/11\/USD_web_sponsor-1024x576.png 1024w, https:\/\/stuntskate.de\/wp-content\/uploads\/2024\/11\/USD_web_sponsor-768x432.png 768w, https:\/\/stuntskate.de\/wp-content\/uploads\/2024\/11\/USD_web_sponsor-1536x864.png 1536w\" sizes=\"auto, (max-width: 1920px) 100vw, 1920px\" \/><\/a><\/figure>\n\n<div class=\"wp-block-post-excerpt\"><p class=\"wp-block-post-excerpt__excerpt\">USD \u2013 Universal Skate Design Seit den 1990er-Jahren steht USD f\u00fcr Innovation, Leidenschaft und die Kultur des Aggressive Skating. Gegr\u00fcndet 1997 als Submarke von POWERSLIDE, war USD das erste Unternehmen, [&hellip;] <\/p><\/div><\/div>\n\n<\/li><li class=\"wp-block-post post-291 post type-post status-publish format-standard has-post-thumbnail hentry category-sponsoren\">\n\n<div class=\"wp-block-group is-layout-flow wp-block-group-is-layout-flow\" style=\"padding-top:15px;padding-right:15px;padding-bottom:15px;padding-left:15px\"><figure style=\"padding-top:0;padding-bottom:0;\" class=\"aligncenter wp-block-post-featured-image wp-duotone-unset-8\"><a href=\"https:\/\/stuntskate.de\/en\/sponsoren\/ennui-protection\/\" target=\"_self\"  ><img loading=\"lazy\" decoding=\"async\" width=\"1920\" height=\"1080\" src=\"https:\/\/stuntskate.de\/wp-content\/uploads\/2024\/11\/ennui_web_sponsor.png\" class=\"attachment-post-thumbnail size-post-thumbnail wp-post-image\" alt=\"Ennui Protection\" style=\"object-fit:cover;\" srcset=\"https:\/\/stuntskate.de\/wp-content\/uploads\/2024\/11\/ennui_web_sponsor.png 1920w, https:\/\/stuntskate.de\/wp-content\/uploads\/2024\/11\/ennui_web_sponsor-300x169.png 300w, https:\/\/stuntskate.de\/wp-content\/uploads\/2024\/11\/ennui_web_sponsor-1024x576.png 1024w, https:\/\/stuntskate.de\/wp-content\/uploads\/2024\/11\/ennui_web_sponsor-768x432.png 768w, https:\/\/stuntskate.de\/wp-content\/uploads\/2024\/11\/ennui_web_sponsor-1536x864.png 1536w\" sizes=\"auto, (max-width: 1920px) 100vw, 1920px\" \/><\/a><\/figure>\n\n<div class=\"wp-block-post-excerpt\"><p class=\"wp-block-post-excerpt__excerpt\">ENNUI\u2122 ist ein Schutzkleidungskonzept, das speziell f\u00fcr urbane Sportarten, alle nicht-motorisierten Radsportarten entwickelt wurde.&nbsp; Ausr\u00fcstung, die uns sicher h\u00e4lt und unseren K\u00f6rper vor allen Arten von Verletzungen sch\u00fctzt, w\u00e4hrend sie [&hellip;] <\/p><\/div><\/div>\n\n<\/li><li class=\"wp-block-post post-298 post type-post status-publish format-standard has-post-thumbnail hentry category-sponsoren\">\n\n<div class=\"wp-block-group is-layout-flow wp-block-group-is-layout-flow\" style=\"padding-top:15px;padding-right:15px;padding-bottom:15px;padding-left:15px\"><figure style=\"padding-top:0;padding-bottom:0;\" class=\"aligncenter wp-block-post-featured-image wp-duotone-unset-9\"><a href=\"https:\/\/stuntskate.de\/en\/sponsoren\/powerslide\/\" target=\"_self\"  ><img loading=\"lazy\" decoding=\"async\" width=\"1920\" height=\"1080\" src=\"https:\/\/stuntskate.de\/wp-content\/uploads\/2024\/11\/powerslide_web_sponsor.png\" class=\"attachment-post-thumbnail size-post-thumbnail wp-post-image\" alt=\"Powerslide\" style=\"object-fit:cover;\" srcset=\"https:\/\/stuntskate.de\/wp-content\/uploads\/2024\/11\/powerslide_web_sponsor.png 1920w, https:\/\/stuntskate.de\/wp-content\/uploads\/2024\/11\/powerslide_web_sponsor-300x169.png 300w, https:\/\/stuntskate.de\/wp-content\/uploads\/2024\/11\/powerslide_web_sponsor-1024x576.png 1024w, https:\/\/stuntskate.de\/wp-content\/uploads\/2024\/11\/powerslide_web_sponsor-768x432.png 768w, https:\/\/stuntskate.de\/wp-content\/uploads\/2024\/11\/powerslide_web_sponsor-1536x864.png 1536w\" sizes=\"auto, (max-width: 1920px) 100vw, 1920px\" \/><\/a><\/figure>\n\n<div class=\"wp-block-post-excerpt\"><p class=\"wp-block-post-excerpt__excerpt\">Powerslide was founded in 1994 with only one goal in mind: To make high quality products and components for all types of skaters and skate levels. <\/p><\/div><\/div>\n\n<\/li><li class=\"wp-block-post post-294 post type-post status-publish format-standard has-post-thumbnail hentry category-sponsoren\">\n\n<div class=\"wp-block-group is-layout-flow wp-block-group-is-layout-flow\" style=\"padding-top:15px;padding-right:15px;padding-bottom:15px;padding-left:15px\"><figure style=\"padding-top:0;padding-bottom:0;\" class=\"aligncenter wp-block-post-featured-image wp-duotone-unset-10\"><a href=\"https:\/\/stuntskate.de\/en\/sponsoren\/sliqx-co-uk\/\" target=\"_self\"  ><img loading=\"lazy\" decoding=\"async\" width=\"1920\" height=\"1080\" src=\"https:\/\/stuntskate.de\/wp-content\/uploads\/2024\/11\/sliqux_web_sponsor.png\" class=\"attachment-post-thumbnail size-post-thumbnail wp-post-image\" alt=\"Sliqx\" style=\"object-fit:cover;\" srcset=\"https:\/\/stuntskate.de\/wp-content\/uploads\/2024\/11\/sliqux_web_sponsor.png 1920w, https:\/\/stuntskate.de\/wp-content\/uploads\/2024\/11\/sliqux_web_sponsor-300x169.png 300w, https:\/\/stuntskate.de\/wp-content\/uploads\/2024\/11\/sliqux_web_sponsor-1024x576.png 1024w, https:\/\/stuntskate.de\/wp-content\/uploads\/2024\/11\/sliqux_web_sponsor-768x432.png 768w, https:\/\/stuntskate.de\/wp-content\/uploads\/2024\/11\/sliqux_web_sponsor-1536x864.png 1536w\" sizes=\"auto, (max-width: 1920px) 100vw, 1920px\" \/><\/a><\/figure>\n\n<div class=\"wp-block-post-excerpt\"><p class=\"wp-block-post-excerpt__excerpt\">Wir sind Sliqx \u2013 eine unabh\u00e4ngige Marke, gegr\u00fcndet von Skatern f\u00fcr Skater. Mit Leidenschaft f\u00fcr Design und Liebe zum Detail entwickeln wir Skate-Hardware, die nicht nur funktioniert, sondern begeistert. Unsere [&hellip;] <\/p><\/div><\/div>\n\n<\/li><\/ul><\/div>\n","protected":false},"excerpt":{"rendered":"<p>Partner Gemeinsam mit unseren Partnern versuchen wir unser Angebot weiter auszubauen. Sponsoren<\/p>","protected":false},"author":1,"featured_media":0,"parent":0,"menu_order":2,"comment_status":"closed","ping_status":"closed","template":"","meta":{"_price":"","_stock":"","_tribe_ticket_header":"","_tribe_default_ticket_provider":"","_tribe_ticket_capacity":"0","_ticket_start_date":"","_ticket_end_date":"","_tribe_ticket_show_description":"","_tribe_ticket_show_not_going":false,"_tribe_ticket_use_global_stock":"","_tribe_ticket_global_stock_level":"","_global_stock_mode":"","_global_stock_cap":"","_tribe_rsvp_for_event":"","_tribe_ticket_going_count":"","_tribe_ticket_not_going_count":"","_tribe_tickets_list":"[]","_tribe_ticket_has_attendee_info_fields":false,"_EventAllDay":false,"_EventTimezone":"","_EventStartDate":"","_EventEndDate":"","_EventStartDateUTC":"","_EventEndDateUTC":"","_EventShowMap":false,"_EventShowMapLink":false,"_EventURL":"","_EventCost":"","_EventCostDescription":"","_EventCurrencySymbol":"","_EventCurrencyCode":"","_EventCurrencyPosition":"","_EventDateTimeSeparator":"","_EventTimeRangeSeparator":"","_EventOrganizerID":[],"_EventVenueID":[],"_OrganizerEmail":"","_OrganizerPhone":"","_OrganizerWebsite":"","_VenueAddress":"","_VenueCity":"","_VenueCountry":"","_VenueProvince":"","_VenueState":"","_VenueZip":"","_VenuePhone":"","_VenueURL":"","_VenueStateProvince":"","_VenueLat":"","_VenueLng":"","_VenueShowMap":false,"_VenueShowMapLink":false,"footnotes":"","_tec_slr_enabled":"","_tec_slr_layout":""},"class_list":["post-13","page","type-page","status-publish","hentry"],"yoast_head":"<!-- This site is optimized with the Yoast SEO plugin v27.4 - https:\/\/yoast.com\/product\/yoast-seo-wordpress\/ -->\n<title>Sponsoren &amp; Partner - stuntskate.de<\/title>\n<meta name=\"description\" content=\"Lerne unsere Sponsoren und Partner bei Stuntskate.de kennen. Gemeinsam f\u00f6rdern wir den Rollsport und unterst\u00fctzen unsere Community mit Leidenschaft.\" \/>\n<meta name=\"robots\" content=\"index, follow, max-snippet:-1, max-image-preview:large, max-video-preview:-1\" \/>\n<link rel=\"canonical\" href=\"https:\/\/stuntskate.de\/en\/sponsering-and-partners\/\" \/>\n<meta property=\"og:locale\" content=\"en_US\" \/>\n<meta property=\"og:type\" content=\"article\" \/>\n<meta property=\"og:title\" content=\"Sponsoren &amp; Partner - stuntskate.de\" \/>\n<meta property=\"og:description\" content=\"Lerne unsere Sponsoren und Partner bei Stuntskate.de kennen. Gemeinsam f\u00f6rdern wir den Rollsport und unterst\u00fctzen unsere Community mit Leidenschaft.\" \/>\n<meta property=\"og:url\" content=\"https:\/\/stuntskate.de\/en\/sponsering-and-partners\/\" \/>\n<meta property=\"og:site_name\" content=\"stuntskate.de\" \/>\n<meta property=\"article:modified_time\" content=\"2025-06-24T09:17:13+00:00\" \/>\n<meta name=\"twitter:card\" content=\"summary_large_image\" \/>\n<meta name=\"twitter:label1\" content=\"Est. reading time\" \/>\n\t<meta name=\"twitter:data1\" content=\"1 minute\" \/>\n<script type=\"application\/ld+json\" class=\"yoast-schema-graph\">{\"@context\":\"https:\\\/\\\/schema.org\",\"@graph\":[{\"@type\":\"WebPage\",\"@id\":\"https:\\\/\\\/stuntskate.de\\\/sponsering-and-partners\\\/\",\"url\":\"https:\\\/\\\/stuntskate.de\\\/sponsering-and-partners\\\/\",\"name\":\"Sponsoren &amp; Partner - stuntskate.de\",\"isPartOf\":{\"@id\":\"https:\\\/\\\/stuntskate.de\\\/#website\"},\"datePublished\":\"2024-11-24T20:53:40+00:00\",\"dateModified\":\"2025-06-24T09:17:13+00:00\",\"description\":\"Lerne unsere Sponsoren und Partner bei Stuntskate.de kennen. Gemeinsam f\u00f6rdern wir den Rollsport und unterst\u00fctzen unsere Community mit Leidenschaft.\",\"breadcrumb\":{\"@id\":\"https:\\\/\\\/stuntskate.de\\\/sponsering-and-partners\\\/#breadcrumb\"},\"inLanguage\":\"en-US\",\"potentialAction\":[{\"@type\":\"ReadAction\",\"target\":[\"https:\\\/\\\/stuntskate.de\\\/sponsering-and-partners\\\/\"]}]},{\"@type\":\"BreadcrumbList\",\"@id\":\"https:\\\/\\\/stuntskate.de\\\/sponsering-and-partners\\\/#breadcrumb\",\"itemListElement\":[{\"@type\":\"ListItem\",\"position\":1,\"name\":\"Startseite\",\"item\":\"https:\\\/\\\/stuntskate.de\\\/\"},{\"@type\":\"ListItem\",\"position\":2,\"name\":\"Sponsoren &amp; Partner\"}]},{\"@type\":\"WebSite\",\"@id\":\"https:\\\/\\\/stuntskate.de\\\/#website\",\"url\":\"https:\\\/\\\/stuntskate.de\\\/\",\"name\":\"stuntskate.de\",\"description\":\"Stunt Inline-Skate Kurse\",\"publisher\":{\"@id\":\"https:\\\/\\\/stuntskate.de\\\/#organization\"},\"potentialAction\":[{\"@type\":\"SearchAction\",\"target\":{\"@type\":\"EntryPoint\",\"urlTemplate\":\"https:\\\/\\\/stuntskate.de\\\/?s={search_term_string}\"},\"query-input\":{\"@type\":\"PropertyValueSpecification\",\"valueRequired\":true,\"valueName\":\"search_term_string\"}}],\"inLanguage\":\"en-US\"},{\"@type\":\"Organization\",\"@id\":\"https:\\\/\\\/stuntskate.de\\\/#organization\",\"name\":\"stuntskate.de\",\"url\":\"https:\\\/\\\/stuntskate.de\\\/\",\"logo\":{\"@type\":\"ImageObject\",\"inLanguage\":\"en-US\",\"@id\":\"https:\\\/\\\/stuntskate.de\\\/#\\\/schema\\\/logo\\\/image\\\/\",\"url\":\"https:\\\/\\\/stuntskate.de\\\/wp-content\\\/uploads\\\/2024\\\/11\\\/cropped-cropped-Logo10801080-removebg-preview.png\",\"contentUrl\":\"https:\\\/\\\/stuntskate.de\\\/wp-content\\\/uploads\\\/2024\\\/11\\\/cropped-cropped-Logo10801080-removebg-preview.png\",\"width\":512,\"height\":512,\"caption\":\"stuntskate.de\"},\"image\":{\"@id\":\"https:\\\/\\\/stuntskate.de\\\/#\\\/schema\\\/logo\\\/image\\\/\"},\"sameAs\":[\"https:\\\/\\\/instagram.com\\\/stuntskate.de\\\/\"]}]}<\/script>\n<!-- \/ Yoast SEO plugin. -->","yoast_head_json":{"title":"Sponsoren &amp; Partner - stuntskate.de","description":"Lerne unsere Sponsoren und Partner bei Stuntskate.de kennen. Gemeinsam f\u00f6rdern wir den Rollsport und unterst\u00fctzen unsere Community mit Leidenschaft.","robots":{"index":"index","follow":"follow","max-snippet":"max-snippet:-1","max-image-preview":"max-image-preview:large","max-video-preview":"max-video-preview:-1"},"canonical":"https:\/\/stuntskate.de\/en\/sponsering-and-partners\/","og_locale":"en_US","og_type":"article","og_title":"Sponsoren &amp; Partner - stuntskate.de","og_description":"Lerne unsere Sponsoren und Partner bei Stuntskate.de kennen. Gemeinsam f\u00f6rdern wir den Rollsport und unterst\u00fctzen unsere Community mit Leidenschaft.","og_url":"https:\/\/stuntskate.de\/en\/sponsering-and-partners\/","og_site_name":"stuntskate.de","article_modified_time":"2025-06-24T09:17:13+00:00","twitter_card":"summary_large_image","twitter_misc":{"Est. reading time":"1 minute"},"schema":{"@context":"https:\/\/schema.org","@graph":[{"@type":"WebPage","@id":"https:\/\/stuntskate.de\/sponsering-and-partners\/","url":"https:\/\/stuntskate.de\/sponsering-and-partners\/","name":"Sponsoren &amp; Partner - stuntskate.de","isPartOf":{"@id":"https:\/\/stuntskate.de\/#website"},"datePublished":"2024-11-24T20:53:40+00:00","dateModified":"2025-06-24T09:17:13+00:00","description":"Lerne unsere Sponsoren und Partner bei Stuntskate.de kennen. Gemeinsam f\u00f6rdern wir den Rollsport und unterst\u00fctzen unsere Community mit Leidenschaft.","breadcrumb":{"@id":"https:\/\/stuntskate.de\/sponsering-and-partners\/#breadcrumb"},"inLanguage":"en-US","potentialAction":[{"@type":"ReadAction","target":["https:\/\/stuntskate.de\/sponsering-and-partners\/"]}]},{"@type":"BreadcrumbList","@id":"https:\/\/stuntskate.de\/sponsering-and-partners\/#breadcrumb","itemListElement":[{"@type":"ListItem","position":1,"name":"Startseite","item":"https:\/\/stuntskate.de\/"},{"@type":"ListItem","position":2,"name":"Sponsoren &amp; Partner"}]},{"@type":"WebSite","@id":"https:\/\/stuntskate.de\/#website","url":"https:\/\/stuntskate.de\/","name":"stuntskate.de","description":"Stunt Inline-Skate Kurse","publisher":{"@id":"https:\/\/stuntskate.de\/#organization"},"potentialAction":[{"@type":"SearchAction","target":{"@type":"EntryPoint","urlTemplate":"https:\/\/stuntskate.de\/?s={search_term_string}"},"query-input":{"@type":"PropertyValueSpecification","valueRequired":true,"valueName":"search_term_string"}}],"inLanguage":"en-US"},{"@type":"Organization","@id":"https:\/\/stuntskate.de\/#organization","name":"stuntskate.de","url":"https:\/\/stuntskate.de\/","logo":{"@type":"ImageObject","inLanguage":"en-US","@id":"https:\/\/stuntskate.de\/#\/schema\/logo\/image\/","url":"https:\/\/stuntskate.de\/wp-content\/uploads\/2024\/11\/cropped-cropped-Logo10801080-removebg-preview.png","contentUrl":"https:\/\/stuntskate.de\/wp-content\/uploads\/2024\/11\/cropped-cropped-Logo10801080-removebg-preview.png","width":512,"height":512,"caption":"stuntskate.de"},"image":{"@id":"https:\/\/stuntskate.de\/#\/schema\/logo\/image\/"},"sameAs":["https:\/\/instagram.com\/stuntskate.de\/"]}]}},"ticketed":false,"_links":{"self":[{"href":"https:\/\/stuntskate.de\/en\/wp-json\/wp\/v2\/pages\/13","targetHints":{"allow":["GET"]}}],"collection":[{"href":"https:\/\/stuntskate.de\/en\/wp-json\/wp\/v2\/pages"}],"about":[{"href":"https:\/\/stuntskate.de\/en\/wp-json\/wp\/v2\/types\/page"}],"author":[{"embeddable":true,"href":"https:\/\/stuntskate.de\/en\/wp-json\/wp\/v2\/users\/1"}],"replies":[{"embeddable":true,"href":"https:\/\/stuntskate.de\/en\/wp-json\/wp\/v2\/comments?post=13"}],"version-history":[{"count":5,"href":"https:\/\/stuntskate.de\/en\/wp-json\/wp\/v2\/pages\/13\/revisions"}],"predecessor-version":[{"id":627,"href":"https:\/\/stuntskate.de\/en\/wp-json\/wp\/v2\/pages\/13\/revisions\/627"}],"wp:attachment":[{"href":"https:\/\/stuntskate.de\/en\/wp-json\/wp\/v2\/media?parent=13"}],"curies":[{"name":"wp","href":"https:\/\/api.w.org\/{rel}","templated":true}]}}